{"id":582,"date":"2023-09-01T16:12:06","date_gmt":"2023-09-01T14:12:06","guid":{"rendered":"http:\/\/diceo.group\/?page_id=582"},"modified":"2023-09-01T16:54:00","modified_gmt":"2023-09-01T14:54:00","slug":"stoerungen-maengel-reparaturen","status":"publish","type":"page","link":"https:\/\/diceo.group\/en\/stoerungen-maengel-reparaturen\/","title":{"rendered":"St\u00f6rungen, M\u00e4ngel, Reparaturen"},"content":{"rendered":"<p>[et_pb_section fb_built=&#8220;1&#8243; custom_padding_last_edited=&#8220;on|desktop&#8220; _builder_version=&#8220;4.22.0&#8243; _module_preset=&#8220;default&#8220; background_blend=&#8220;multiply&#8220; height_tablet=&#8220;&#8220; height_phone=&#8220;&#8220; height_last_edited=&#8220;on|phone&#8220; custom_padding_tablet=&#8220;150px||150px||true|false&#8220; custom_padding_phone=&#8220;150px||150px||true|false&#8220; hover_enabled=&#8220;0&#8243; global_colors_info=&#8220;{}&#8220; background_color=&#8220;rgba(17,17,17,0.4)&#8220; title_text=&#8220;St\u00f6rung&#8220; background_image=&#8220;http:\/\/diceo.group\/wp-content\/uploads\/2023\/09\/Stoerung-scaled.jpg&#8220; sticky_enabled=&#8220;0&#8243;][et_pb_row _builder_version=&#8220;4.22.0&#8243; _module_preset=&#8220;default&#8220; global_colors_info=&#8220;{}&#8220;][et_pb_column type=&#8220;4_4&#8243; _builder_version=&#8220;4.22.0&#8243; _module_preset=&#8220;default&#8220; global_colors_info=&#8220;{}&#8220;][et_pb_text _builder_version=&#8220;4.22.0&#8243; _module_preset=&#8220;default&#8220; text_font=&#8220;||||||||&#8220; global_colors_info=&#8220;{}&#8220;]<\/p>\n<h2 style=\"text-align: center;\">St\u00f6rungen, M\u00e4ngel, <br \/>Reparaturen<\/h2>\n<p>[\/et_pb_text][\/et_pb_column][\/et_pb_row][\/et_pb_section][et_pb_section fb_built=&#8220;1&#8243; _builder_version=&#8220;4.22.0&#8243; _module_preset=&#8220;default&#8220; global_colors_info=&#8220;{}&#8220;][et_pb_row column_structure=&#8220;1_2,1_2&#8243; use_custom_gutter=&#8220;on&#8220; _builder_version=&#8220;4.22.0&#8243; _module_preset=&#8220;default&#8220; global_colors_info=&#8220;{}&#8220;][et_pb_column type=&#8220;1_2&#8243; _builder_version=&#8220;4.22.0&#8243; _module_preset=&#8220;default&#8220; global_colors_info=&#8220;{}&#8220;][et_pb_text _builder_version=&#8220;4.22.0&#8243; _module_preset=&#8220;default&#8220; custom_padding=&#8220;||20px||false|false&#8220; global_colors_info=&#8220;{}&#8220;]<\/p>\n<h4><strong>St\u00f6rungsmanagement<\/strong><\/h4>\n<p>St\u00f6rungen an Aufz\u00fcgen l\u00f6sen eine ganze Kette von Ma\u00dfnahmen aus &#8211; die erste Einsch\u00e4tzung vor Ort, der Anruf bei der Wartungsfirma, die Kontrolle und Abnahme der St\u00f6rungsbeseitigung&#8230; all das kostet Zeit und personelle Kapazit\u00e4ten. Wir nehmen Ihnen diese Aufgabe ab und k\u00fcmmern uns um alle notwendigen Schritte, damit Ihre Aufz\u00fcge m\u00f6glichst schnell wieder st\u00f6rungsfrei fahren.<\/p>\n<p>[\/et_pb_text][\/et_pb_column][et_pb_column type=&#8220;1_2&#8243; _builder_version=&#8220;4.22.0&#8243; _module_preset=&#8220;default&#8220; global_colors_info=&#8220;{}&#8220;][et_pb_text _builder_version=&#8220;4.22.0&#8243; _module_preset=&#8220;default&#8220; custom_padding=&#8220;||20px||false|false&#8220; global_colors_info=&#8220;{}&#8220;]<\/p>\n<h4><strong>M\u00e4ngelmanagement<\/strong><\/h4>\n<p>Bei etwa einem Drittel aller in Deutschland gepr\u00fcften Aufz\u00fcge werden M\u00e4ngel festgestellt, die zum Teil so gravierend sind, dass eine Stilllegung der Anlage droht. Umso wichtiger ist es in einem solchen Fall, die M\u00e4ngel schnell und nachhaltig zu beseitigen und die Fristen f\u00fcr die Nachpr\u00fcfungen einzuhalten. Oftmals werden diese allerdings \u00fcberschritten. Entlasten Sie sich von allen Aufgaben rund um das M\u00e4ngelmanagement! Wir helfen Ihnen dabei und erfassen nicht nur die zu beseitigenden M\u00e4ngel, sondern stellen auch deren fachgerechte Beseitigung sicher, vereinbaren eventuell notwendige Nachpr\u00fcfungen und haben dabei immer die jeweiligen Fristen im Blick. So k\u00f6nnen Sie sich voll und ganz auf Ihre eigentlichen Aufgaben konzentrieren.<\/p>\n<p>[\/et_pb_text][\/et_pb_column][\/et_pb_row][et_pb_row column_structure=&#8220;1_2,1_2&#8243; use_custom_gutter=&#8220;on&#8220; _builder_version=&#8220;4.22.0&#8243; _module_preset=&#8220;default&#8220; global_colors_info=&#8220;{}&#8220;][et_pb_column type=&#8220;1_2&#8243; _builder_version=&#8220;4.22.0&#8243; _module_preset=&#8220;default&#8220; global_colors_info=&#8220;{}&#8220;][et_pb_text _builder_version=&#8220;4.22.0&#8243; _module_preset=&#8220;default&#8220; custom_padding=&#8220;||20px||false|false&#8220; global_colors_info=&#8220;{}&#8220;]<\/p>\n<h4><strong>Reparaturberatung<\/strong><\/h4>\n<p>Wenn umfassende Reparaturma\u00dfnahmen au\u00dferhalb des Standards anstehen, kann es schnell sehr teuer werden. Vor allem, wenn dem hohen Preis kein ad\u00e4quater Nutzen gegen\u00fcbersteht. Unsere Experten beraten Sie dabei, die technisch und strategisch sinnvollen und wirtschaftlich vern\u00fcnftigen Entscheidungen zu treffen, um Ihre Anlagen auch zuk\u00fcnftig m\u00f6glichst st\u00f6rungsfrei zu betreiben.<\/p>\n<p>[\/et_pb_text][\/et_pb_column][et_pb_column type=&#8220;1_2&#8243; _builder_version=&#8220;4.22.0&#8243; _module_preset=&#8220;default&#8220; global_colors_info=&#8220;{}&#8220;][\/et_pb_column][\/et_pb_row][\/et_pb_section][et_pb_section fb_built=&#8220;1&#8243; _builder_version=&#8220;4.22.0&#8243; _module_preset=&#8220;default&#8220; background_color=&#8220;#001D6E&#8220; global_module=&#8220;282&#8243; saved_tabs=&#8220;all&#8220; global_colors_info=&#8220;{}&#8220;][et_pb_row column_structure=&#8220;1_2,1_2&#8243; _builder_version=&#8220;4.22.0&#8243; _module_preset=&#8220;default&#8220; global_colors_info=&#8220;{}&#8220;][et_pb_column type=&#8220;1_2&#8243; _builder_version=&#8220;4.22.0&#8243; _module_preset=&#8220;default&#8220; global_colors_info=&#8220;{}&#8220;][et_pb_image src=&#8220;http:\/\/diceo.group\/wp-content\/uploads\/2023\/08\/pexels-vitali-adutskevich-15704801-scaled.jpg&#8220; title_text=&#8220;pexels-vitali-adutskevich-15704801&#8243; align=&#8220;center&#8220; align_tablet=&#8220;&#8220; align_phone=&#8220;left&#8220; align_last_edited=&#8220;on|phone&#8220; _builder_version=&#8220;4.22.0&#8243; _module_preset=&#8220;default&#8220; width=&#8220;60%&#8220; global_colors_info=&#8220;{}&#8220;][\/et_pb_image][\/et_pb_column][et_pb_column type=&#8220;1_2&#8243; _builder_version=&#8220;4.22.0&#8243; _module_preset=&#8220;default&#8220; global_colors_info=&#8220;{}&#8220;][et_pb_text _builder_version=&#8220;4.22.0&#8243; _module_preset=&#8220;default&#8220; header_4_text_color=&#8220;#FFFFFF&#8220; header_4_line_height=&#8220;1.3em&#8220; global_colors_info=&#8220;{}&#8220;]<\/p>\n<h4>Kontakt<\/h4>\n<p>[\/et_pb_text][et_pb_text _builder_version=&#8220;4.22.0&#8243; _module_preset=&#8220;default&#8220; text_text_color=&#8220;#FFFFFF&#8220; custom_padding=&#8220;||20px||false|false&#8220; global_colors_info=&#8220;{}&#8220;]<\/p>\n<p>Kommen Sie bei Fragen, Interesse oder Hinweisen gerne via E-Mail oder telefonisch auf uns zu.<\/p>\n<p>Wir freuen uns auf ein pers\u00f6nliches Gespr\u00e4ch.<\/p>\n<p>[\/et_pb_text][dnxte_button button_text=&#8220;Kontaktformular&#8220; button_link=&#8220;http:\/\/diceo.group\/kontakt\/&#8220; dnxt_button_alignment=&#8220;left&#8220; btn_icon=&#8220;&#x45;||divi||400&#8243; btn_icon_color=&#8220;#FFFFFF&#8220; dnxt_hover_bg_color=&#8220;#458AC9&#8243; _builder_version=&#8220;4.22.0&#8243; _module_preset=&#8220;default&#8220; btn_fonts_text_color=&#8220;#FFFFFF&#8220; btn_fonts_font_size=&#8220;18px&#8220; background_color=&#8220;RGBA(255,255,255,0)&#8220; border_radii_btn_border=&#8220;on|10px|10px|10px|10px&#8220; global_colors_info=&#8220;{}&#8220;][\/dnxte_button][\/et_pb_column][\/et_pb_row][\/et_pb_section]<\/p>\n","protected":false},"excerpt":{"rendered":"<p>St\u00f6rungen, M\u00e4ngel, ReparaturenSt\u00f6rungsmanagement St\u00f6rungen an Aufz\u00fcgen l\u00f6sen eine ganze Kette von Ma\u00dfnahmen aus &#8211; die erste Einsch\u00e4tzung vor Ort, der Anruf bei der Wartungsfirma, die Kontrolle und Abnahme der St\u00f6rungsbeseitigung&#8230; all das kostet Zeit und personelle Kapazit\u00e4ten. Wir nehmen Ihnen diese Aufgabe ab und k\u00fcmmern uns um alle notwendigen Schritte, damit Ihre Aufz\u00fcge m\u00f6glichst schnell [&hellip;]<\/p>\n","protected":false},"author":1,"featured_media":0,"parent":0,"menu_order":0,"comment_status":"closed","ping_status":"closed","template":"","meta":{"_et_pb_use_builder":"on","_et_pb_old_content":"<!-- wp:divi\/placeholder \/-->","_et_gb_content_width":"","iawp_total_views":1,"footnotes":""},"_links":{"self":[{"href":"https:\/\/diceo.group\/en\/wp-json\/wp\/v2\/pages\/582"}],"collection":[{"href":"https:\/\/diceo.group\/en\/wp-json\/wp\/v2\/pages"}],"about":[{"href":"https:\/\/diceo.group\/en\/wp-json\/wp\/v2\/types\/page"}],"author":[{"embeddable":true,"href":"https:\/\/diceo.group\/en\/wp-json\/wp\/v2\/users\/1"}],"replies":[{"embeddable":true,"href":"https:\/\/diceo.group\/en\/wp-json\/wp\/v2\/comments?post=582"}],"version-history":[{"count":3,"href":"https:\/\/diceo.group\/en\/wp-json\/wp\/v2\/pages\/582\/revisions"}],"predecessor-version":[{"id":606,"href":"https:\/\/diceo.group\/en\/wp-json\/wp\/v2\/pages\/582\/revisions\/606"}],"wp:attachment":[{"href":"https:\/\/diceo.group\/en\/wp-json\/wp\/v2\/media?parent=582"}],"curies":[{"name":"wp","href":"https:\/\/api.w.org\/{rel}","templated":true}]}}