{"id":566,"date":"2023-09-01T15:56:57","date_gmt":"2023-09-01T13:56:57","guid":{"rendered":"http:\/\/diceo.group\/?page_id=566"},"modified":"2024-05-16T10:18:53","modified_gmt":"2024-05-16T08:18:53","slug":"wartung-und-betriebsmanagement","status":"publish","type":"page","link":"https:\/\/diceo.group\/en\/wartung-und-betriebsmanagement\/","title":{"rendered":"Wartung und Betriebsmanagement"},"content":{"rendered":"<p>[et_pb_section fb_built=&#8220;1&#8243; custom_padding_last_edited=&#8220;on|desktop&#8220; _builder_version=&#8220;4.22.0&#8243; _module_preset=&#8220;default&#8220; background_color=&#8220;rgba(17,17,17,0.4)&#8220; background_image=&#8220;http:\/\/diceo.group\/wp-content\/uploads\/2023\/09\/man-electrical-technician-working-switchboard-with-fuses-uses-tablet-scaled.jpg&#8220; background_blend=&#8220;multiply&#8220; height_tablet=&#8220;&#8220; height_phone=&#8220;&#8220; height_last_edited=&#8220;on|phone&#8220; custom_padding_tablet=&#8220;150px||150px||true|false&#8220; custom_padding_phone=&#8220;150px||150px||true|false&#8220; global_colors_info=&#8220;{}&#8220;][et_pb_row _builder_version=&#8220;4.22.0&#8243; _module_preset=&#8220;default&#8220; global_colors_info=&#8220;{}&#8220;][et_pb_column type=&#8220;4_4&#8243; _builder_version=&#8220;4.22.0&#8243; _module_preset=&#8220;default&#8220; global_colors_info=&#8220;{}&#8220;][et_pb_text _builder_version=&#8220;4.22.0&#8243; _module_preset=&#8220;default&#8220; text_font=&#8220;||||||||&#8220; global_colors_info=&#8220;{}&#8220;]<\/p>\n<h2 style=\"text-align: center;\">Prozessoptimierung<\/h2>\n<p>[\/et_pb_text][\/et_pb_column][\/et_pb_row][\/et_pb_section][et_pb_section fb_built=&#8220;1&#8243; _builder_version=&#8220;4.22.0&#8243; _module_preset=&#8220;default&#8220; global_colors_info=&#8220;{}&#8220;][et_pb_row column_structure=&#8220;1_6,1_6,1_6,1_6,1_6,1_6&#8243; make_equal=&#8220;on&#8220; _builder_version=&#8220;4.22.0&#8243; _module_preset=&#8220;default&#8220; module_alignment=&#8220;center&#8220; custom_padding=&#8220;||0px|||&#8220; border_color_all=&#8220;RGBA(255,255,255,0)&#8220; border_style_all=&#8220;none&#8220; border_color_bottom=&#8220;#458AC9&#8243; border_style_bottom=&#8220;inset&#8220; global_colors_info=&#8220;{}&#8220;][et_pb_column type=&#8220;1_6&#8243; _builder_version=&#8220;4.22.0&#8243; _module_preset=&#8220;default&#8220; global_colors_info=&#8220;{}&#8220;][ba_icon_box use_image=&#8220;on&#8220; icon_image=&#8220;https:\/\/diceo.group\/wp-content\/uploads\/2023\/08\/computer-1.png&#8220; description=&#8220;EYELEVATE&#8220; icon_size=&#8220;40px&#8220; icon_padding=&#8220;0px|0px|10px|0px|false|false&#8220; icon_spacing=&#8220;0px&#8220; _builder_version=&#8220;4.22.0&#8243; _module_preset=&#8220;default&#8220; description_font_size=&#8220;13px&#8220; background_color=&#8220;RGBA(255,255,255,0)&#8220; custom_margin=&#8220;||0px||false|false&#8220; custom_padding=&#8220;0px||0px||false|false&#8220; link_option_url=&#8220;https:\/\/diceo.group\/eyelevate&#8220; border_width_all_box=&#8220;0px&#8220; global_colors_info=&#8220;{}&#8220;][\/ba_icon_box][et_pb_button button_url=&#8220;https:\/\/diceo.group\/eyelevate\/&#8220; button_text=&#8220;mehr&#8220; button_alignment=&#8220;center&#8220; _builder_version=&#8220;4.22.0&#8243; _module_preset=&#8220;default&#8220; custom_button=&#8220;on&#8220; button_border_radius=&#8220;22px&#8220; transform_scale=&#8220;70%|70%&#8220; global_colors_info=&#8220;{}&#8220;][\/et_pb_button][\/et_pb_column][et_pb_column type=&#8220;1_6&#8243; _builder_version=&#8220;4.22.0&#8243; _module_preset=&#8220;default&#8220; global_colors_info=&#8220;{}&#8220;][ba_icon_box use_image=&#8220;on&#8220; icon_image=&#8220;https:\/\/diceo.group\/wp-content\/uploads\/2023\/08\/analysing.png&#8220; description=&#8220;Transparenz&#8220; icon_size=&#8220;40px&#8220; icon_padding=&#8220;0px|0px|10px|0px|false|false&#8220; icon_spacing=&#8220;0px&#8220; _builder_version=&#8220;4.22.0&#8243; _module_preset=&#8220;default&#8220; description_font_size=&#8220;13px&#8220; module_alignment=&#8220;center&#8220; custom_margin=&#8220;||0px|||&#8220; custom_padding=&#8220;0px||0px||false|false&#8220; link_option_url=&#8220;https:\/\/diceo.group\/ist-analysen-und-strategieentwicklung\/&#8220; border_width_all_box=&#8220;0px&#8220; global_colors_info=&#8220;{}&#8220;][\/ba_icon_box][et_pb_button button_url=&#8220;https:\/\/diceo.group\/ist-analysen-und-strategieentwicklung\/&#8220; button_text=&#8220;mehr&#8220; button_alignment=&#8220;center&#8220; _builder_version=&#8220;4.22.0&#8243; _module_preset=&#8220;default&#8220; custom_button=&#8220;on&#8220; button_border_radius=&#8220;22px&#8220; transform_scale=&#8220;70%|70%&#8220; global_colors_info=&#8220;{}&#8220;][\/et_pb_button][\/et_pb_column][et_pb_column type=&#8220;1_6&#8243; _builder_version=&#8220;4.22.0&#8243; _module_preset=&#8220;default&#8220; global_colors_info=&#8220;{}&#8220;][ba_icon_box use_image=&#8220;on&#8220; icon_image=&#8220;https:\/\/diceo.group\/wp-content\/uploads\/2023\/08\/brainstorming-1.png&#8220; description=&#8220;Entscheidungshilfe&#8220; icon_size=&#8220;40px&#8220; icon_padding=&#8220;0px|0px|10px|0px|false|false&#8220; icon_spacing=&#8220;0px&#8220; _builder_version=&#8220;4.22.0&#8243; _module_preset=&#8220;default&#8220; description_font_size=&#8220;13px&#8220; custom_margin=&#8220;0px||||false|false&#8220; custom_padding=&#8220;0px||||false|false&#8220; link_option_url=&#8220;https:\/\/diceo.group\/sicherheit-und-modernisierung\/&#8220; border_width_all_box=&#8220;0px&#8220; global_colors_info=&#8220;{}&#8220;][\/ba_icon_box][et_pb_button button_url=&#8220;https:\/\/diceo.group\/sicherheit-und-modernisierung\/&#8220; button_text=&#8220;mehr&#8220; button_alignment=&#8220;center&#8220; _builder_version=&#8220;4.22.0&#8243; _module_preset=&#8220;default&#8220; custom_button=&#8220;on&#8220; button_border_radius=&#8220;22px&#8220; transform_scale=&#8220;70%|70%&#8220; global_colors_info=&#8220;{}&#8220;][\/et_pb_button][\/et_pb_column][et_pb_column type=&#8220;1_6&#8243; _builder_version=&#8220;4.22.0&#8243; _module_preset=&#8220;default&#8220; global_colors_info=&#8220;{}&#8220;][ba_icon_box use_image=&#8220;on&#8220; icon_image=&#8220;https:\/\/diceo.group\/wp-content\/uploads\/2023\/08\/control-1.png&#8220; description=&#8220;Aufzugsverbesserung&#8220; icon_size=&#8220;40px&#8220; icon_padding=&#8220;0px|0px|10px|0px|false|false&#8220; icon_spacing=&#8220;0px&#8220; _builder_version=&#8220;4.22.0&#8243; _module_preset=&#8220;default&#8220; description_font_size=&#8220;13px&#8220; custom_margin=&#8220;0px||0px||false|false&#8220; custom_padding=&#8220;0px||0px||false|false&#8220; link_option_url=&#8220;https:\/\/diceo.group\/investitionen-in-neue-aufzugsanlagen\/&#8220; border_width_all_box=&#8220;0px&#8220; global_colors_info=&#8220;{}&#8220;][\/ba_icon_box][et_pb_button button_url=&#8220;https:\/\/diceo.group\/investitionen-in-neue-aufzugsanlagen\/&#8220; button_text=&#8220;mehr&#8220; button_alignment=&#8220;center&#8220; _builder_version=&#8220;4.22.0&#8243; _module_preset=&#8220;default&#8220; custom_button=&#8220;on&#8220; button_border_radius=&#8220;22px&#8220; transform_scale=&#8220;70%|70%&#8220; global_colors_info=&#8220;{}&#8220;][\/et_pb_button][\/et_pb_column][et_pb_column type=&#8220;1_6&#8243; _builder_version=&#8220;4.22.0&#8243; _module_preset=&#8220;default&#8220; global_colors_info=&#8220;{}&#8220;][ba_icon_box use_image=&#8220;on&#8220; icon_image=&#8220;https:\/\/diceo.group\/wp-content\/uploads\/2023\/08\/development-plan.png&#8220; description=&#8220;Prozessoptimierung&#8220; icon_size=&#8220;40px&#8220; icon_padding=&#8220;0px|0px|10px|0px|false|false&#8220; icon_spacing=&#8220;0px&#8220; _builder_version=&#8220;4.22.0&#8243; _module_preset=&#8220;default&#8220; description_font_size=&#8220;13px&#8220; custom_margin=&#8220;|||0px|false|false&#8220; custom_padding=&#8220;0px||||false|false&#8220; link_option_url=&#8220;https:\/\/diceo.group\/wartung-und-betriebsmanagement\/&#8220; border_width_all_box=&#8220;0px&#8220; global_colors_info=&#8220;{}&#8220;][\/ba_icon_box][et_pb_button button_url=&#8220;https:\/\/diceo.group\/wartung-und-betriebsmanagement\/&#8220; button_text=&#8220;mehr&#8220; button_alignment=&#8220;center&#8220; _builder_version=&#8220;4.22.0&#8243; _module_preset=&#8220;default&#8220; custom_button=&#8220;on&#8220; button_text_color=&#8220;#FFFFFF&#8220; button_bg_color=&#8220;#001D6E&#8220; button_border_radius=&#8220;22px&#8220; transform_scale=&#8220;70%|70%&#8220; global_colors_info=&#8220;{}&#8220;][\/et_pb_button][\/et_pb_column][et_pb_column type=&#8220;1_6&#8243; _builder_version=&#8220;4.22.0&#8243; _module_preset=&#8220;default&#8220; border_color_all=&#8220;RGBA(255,255,255,0)&#8220; border_style_all=&#8220;none&#8220; global_colors_info=&#8220;{}&#8220;][ba_icon_box use_image=&#8220;on&#8220; icon_image=&#8220;https:\/\/diceo.group\/wp-content\/uploads\/2023\/12\/Design-ohne-Titel-6.png&#8220; description=&#8220;Innovation &#8220; icon_size=&#8220;40px&#8220; icon_padding=&#8220;0px|0px|10px|0px|false|false&#8220; icon_spacing=&#8220;0px&#8220; _builder_version=&#8220;4.22.0&#8243; _module_preset=&#8220;default&#8220; description_font_size=&#8220;13px&#8220; custom_margin=&#8220;||1px|||&#8220; custom_padding=&#8220;0px||||false|false&#8220; link_option_url=&#8220;https:\/\/diceo.group\/betriebsoptimierung\/&#8220; border_width_all_box=&#8220;0px&#8220; border_color_bottom_box=&#8220;#001D6E&#8220; global_colors_info=&#8220;{}&#8220;][\/ba_icon_box][et_pb_button button_url=&#8220;https:\/\/diceo.group\/betriebsoptimierung\/&#8220; button_text=&#8220;mehr&#8220; button_alignment=&#8220;center&#8220; _builder_version=&#8220;4.22.0&#8243; _module_preset=&#8220;default&#8220; custom_button=&#8220;on&#8220; button_border_radius=&#8220;22px&#8220; transform_scale=&#8220;70%|70%&#8220; global_colors_info=&#8220;{}&#8220;][\/et_pb_button][\/et_pb_column][\/et_pb_row][et_pb_row use_custom_gutter=&#8220;on&#8220; _builder_version=&#8220;4.22.0&#8243; _module_preset=&#8220;default&#8220; global_colors_info=&#8220;{}&#8220;][et_pb_column type=&#8220;4_4&#8243; _builder_version=&#8220;4.22.0&#8243; _module_preset=&#8220;default&#8220; global_colors_info=&#8220;{}&#8220;][et_pb_text _builder_version=&#8220;4.22.0&#8243; _module_preset=&#8220;default&#8220; custom_padding=&#8220;||20px||false|false&#8220; global_colors_info=&#8220;{}&#8220;]<\/p>\n<h4><strong>Prozessoptimierung und Lean Management<\/strong><o:p><\/o:p><\/h4>\n<p>Digitalisierung ist nur eine Grundlage. Wer digital denkt, muss auch seine Prozesse digital und neu denken und gestalten. Dies gilt f\u00fcr Betreiber, Wartungsunternehmen oder die Pr\u00fcfdienstleister gleicherma\u00dfen.\u00a0 Wir helfen allen Beteiligten, die Arbeitsabl\u00e4ufe &#8222;rund um den Aufzug&#8220; zu optimieren, um die maximalen Potenziale der Digitalisierung zu heben oder ihre Ressourcen dort einzusetzen, wo sie die meiste Wertsch\u00f6pfung generieren.<o:p><\/o:p><\/p>\n<p>[\/et_pb_text][et_pb_text _builder_version=&#8220;4.22.0&#8243; _module_preset=&#8220;default&#8220; custom_padding=&#8220;||20px||false|false&#8220; global_colors_info=&#8220;{}&#8220;]<\/p>\n<h4><strong>Optimierung Wartungsmanagement<\/strong><\/h4>\n<p>Haben Sie eine aktuelle und vollst\u00e4ndige \u00dcbersicht \u00fcber Ihre Wartungsvertr\u00e4ge? Wir sorgen daf\u00fcr, dass Sie die Lage jederzeit im Griff haben! Neben einer Analyse der Vertr\u00e4ge geben wir Ihnen Empfehlungen, wie Sie Ihre Wartung optimieren k\u00f6nnen und machen Vorschl\u00e4ge zu Wartungsintervallen \u2013 und das alles auf Basis der Zustands- und Nutzungsdaten Ihres Aufzuges, neutral und unabh\u00e4ngig.<\/p>\n<p>[\/et_pb_text][et_pb_text _builder_version=&#8220;4.22.0&#8243; _module_preset=&#8220;default&#8220; custom_padding=&#8220;||20px||false|false&#8220; global_colors_info=&#8220;{}&#8220;]<\/p>\n<h4><strong>St\u00f6rungsmanagement<\/strong><\/h4>\n<p>St\u00f6rungen an Aufz\u00fcgen l\u00f6sen eine ganze Kette von Ma\u00dfnahmen aus \u2013 die erste Einsch\u00e4tzung vor Ort, der Anruf bei der Wartungsfirma, die Kontrolle und Abnahme der St\u00f6rungsbeseitigung, all das kostet Zeit und personelle Kapazit\u00e4ten. Wir nehmen Ihnen diese Aufgabe ab und k\u00fcmmern uns um alle notwendigen Schritte, damit Ihre Aufz\u00fcge m\u00f6glichst schnell wieder st\u00f6rungsfrei fahren.<\/p>\n<p>[\/et_pb_text][et_pb_text _builder_version=&#8220;4.22.0&#8243; _module_preset=&#8220;default&#8220; custom_padding=&#8220;||20px||false|false&#8220; global_colors_info=&#8220;{}&#8220;]<\/p>\n<h4><strong>M\u00e4ngel<\/strong><strong>management<\/strong><\/h4>\n<p>Bei etwa einem Drittel aller in Deutschland gepr\u00fcften Aufz\u00fcge werden M\u00e4ngel festgestellt, die zum Teil so gravierend sind, dass eine Stilllegung der Anlage droht. Umso wichtiger ist es in einem solchen Fall, die M\u00e4ngel schnell und nachhaltig zu beseitigen und die Fristen f\u00fcr die Nachpr\u00fcfungen einzuhalten. Oftmals werden diese allerdings \u00fcberschritten. Entlasten Sie sich von allen Aufgaben rund um das M\u00e4ngelmanagement! Wir helfen Ihnen dabei und erfassen nicht nur die zu beseitigenden M\u00e4ngel, sondern stellen auch deren fachgerechte Beseitigung sicher, vereinbaren eventuell notwendige Nachpr\u00fcfungen und haben dabei immer die jeweiligen Fristen im Blick. So k\u00f6nnen Sie sich voll und ganz auf Ihre eigentlichen Aufgaben konzentrieren.<\/p>\n<p>[\/et_pb_text][et_pb_text _builder_version=&#8220;4.22.0&#8243; _module_preset=&#8220;default&#8220; custom_padding=&#8220;||20px||false|false&#8220; global_colors_info=&#8220;{}&#8220;]<\/p>\n<h4><strong>Liftbetriebsmanagement<\/strong><\/h4>\n<p>Mit einem externen Liftbetriebsmanagement b\u00fcndeln Sie alle Aufgaben rund um Ihre Aufz\u00fcge an einer Stelle und entlasten eigene Ressourcen. Der Liftmanager k\u00fcmmert sich um die Beseitigung von St\u00f6rungen und M\u00e4ngeln im Betrieb, sorgt f\u00fcr eine ordnungsgem\u00e4\u00dfe Wartung, ber\u00e4t Sie \u00fcber den gesamten Lebenszyklus der Anlagen und steht Ihnen in allen strategischen Fragen zur Seite.<\/p>\n<p>[\/et_pb_text][\/et_pb_column][\/et_pb_row][\/et_pb_section][et_pb_section fb_built=&#8220;1&#8243; _builder_version=&#8220;4.22.0&#8243; _module_preset=&#8220;default&#8220; background_color=&#8220;#001D6E&#8220; global_module=&#8220;282&#8243; saved_tabs=&#8220;all&#8220; global_colors_info=&#8220;{}&#8220;][et_pb_row column_structure=&#8220;1_2,1_2&#8243; _builder_version=&#8220;4.22.0&#8243; _module_preset=&#8220;default&#8220; global_colors_info=&#8220;{}&#8220;][et_pb_column type=&#8220;1_2&#8243; _builder_version=&#8220;4.22.0&#8243; _module_preset=&#8220;default&#8220; global_colors_info=&#8220;{}&#8220;][et_pb_image src=&#8220;https:\/\/diceo.group\/wp-content\/uploads\/2023\/09\/frontale_rotonda-b851bea5.jpg&#8220; title_text=&#8220;frontale_rotonda-b851bea5&#8243; align=&#8220;center&#8220; align_tablet=&#8220;&#8220; align_phone=&#8220;left&#8220; align_last_edited=&#8220;on|phone&#8220; _builder_version=&#8220;4.22.0&#8243; _module_preset=&#8220;default&#8220; width=&#8220;63%&#8220; custom_margin=&#8220;||13px|||&#8220; global_colors_info=&#8220;{}&#8220;][\/et_pb_image][\/et_pb_column][et_pb_column type=&#8220;1_2&#8243; _builder_version=&#8220;4.22.0&#8243; _module_preset=&#8220;default&#8220; global_colors_info=&#8220;{}&#8220;][et_pb_text _builder_version=&#8220;4.22.0&#8243; _module_preset=&#8220;default&#8220; header_4_text_color=&#8220;#FFFFFF&#8220; header_4_line_height=&#8220;1.3em&#8220; custom_margin=&#8220;||16px|||&#8220; global_colors_info=&#8220;{}&#8220;]<\/p>\n<h4>Kontakt<\/h4>\n<p>[\/et_pb_text][et_pb_text _builder_version=&#8220;4.22.0&#8243; _module_preset=&#8220;default&#8220; text_text_color=&#8220;#FFFFFF&#8220; custom_margin=&#8220;||16px|||&#8220; custom_padding=&#8220;||20px||false|false&#8220; global_colors_info=&#8220;{}&#8220;]<\/p>\n<p>Wir helfen Ihnen gerne! Kommen Sie gerne direkt auf uns zu. Sie erreichen uns via E-Mail oder telefonisch.<\/p>\n<p>Wir freuen uns auf ein pers\u00f6nliches Gespr\u00e4ch mit Ihnen.<\/p>\n<p>[\/et_pb_text][dnxte_button button_text=&#8220;Kontaktformular&#8220; button_link=&#8220;https:\/\/diceo.group\/kontakt\/&#8220; dnxt_button_alignment=&#8220;left&#8220; btn_icon=&#8220;&#x45;||divi||400&#8243; btn_icon_color=&#8220;#FFFFFF&#8220; dnxt_hover_bg_color=&#8220;#458AC9&#8243; _builder_version=&#8220;4.22.0&#8243; _module_preset=&#8220;default&#8220; btn_fonts_text_color=&#8220;#FFFFFF&#8220; btn_fonts_font_size=&#8220;18px&#8220; background_color=&#8220;RGBA(255,255,255,0)&#8220; border_radii_btn_border=&#8220;on|10px|10px|10px|10px&#8220; global_colors_info=&#8220;{}&#8220;][\/dnxte_button][\/et_pb_column][\/et_pb_row][\/et_pb_section]<\/p>\n","protected":false},"excerpt":{"rendered":"<p>Process Optimization<div class=\"et_pb_with_border et_pb_module ba_icon_box ba_icon_box_0 et_clickable\">\n\t\t\t\t\n\t\t\t\t\n\t\t\t\t\n\t\t\t\t\n\t\t\t\t\n\t\t\t\t\n\t\t\t\t<div class=\"et_pb_module_inner\">\n\t\t\t\t\t<div class=\"dtq-module dtq-module-parent dtq-iconbox\">\n                 \n                <div class=\"dtq-iconbox-inner dtq-bg-support\">\n                     <div class=\"dtq-iconbox__icon-wrap\">\n                    <div class=\"dtq-iconbox__icon\">\n                        <img decoding=\"async\" class=\"dtq-icon-image\" src=\"https:\/\/diceo.group\/wp-content\/uploads\/2023\/08\/computer-1.png\" alt=\"\" \/>\n                    <\/div>\n                <\/div>  <p class=\"dtq-iconbox__desc\">EYELEVATE<\/p>\n                <\/div>\n            <\/div>\n\t\t\t\t<\/div>\n\t\t\t<\/div><div class=\"et_pb_with_border et_pb_module ba_icon_box ba_icon_box_1 et_clickable\">\n\t\t\t\t\n\t\t\t\t\n\t\t\t\t\n\t\t\t\t\n\t\t\t\t\n\t\t\t\t\n\t\t\t\t<div class=\"et_pb_module_inner\">\n\t\t\t\t\t<div class=\"dtq-module dtq-module-parent dtq-iconbox\">\n                 \n                <div class=\"dtq-iconbox-inner dtq-bg-support\">\n                     <div class=\"dtq-iconbox__icon-wrap\">\n                    <div class=\"dtq-iconbox__icon\">\n                        <img decoding=\"async\" class=\"dtq-icon-image\" src=\"https:\/\/diceo.group\/wp-content\/uploads\/2023\/08\/analysing.png\" alt=\"\" \/>\n                    <\/div>\n                <\/div>  <p class=\"dtq-iconbox__desc\">Transparency<\/p>\n                <\/div>\n            <\/div>\n\t\t\t\t<\/div>\n\t\t\t<\/div><div class=\"et_pb_with_border et_pb_module ba_icon_box ba_icon_box_2 et_clickable\">\n\t\t\t\t\n\t\t\t\t\n\t\t\t\t\n\t\t\t\t\n\t\t\t\t\n\t\t\t\t\n\t\t\t\t<div class=\"et_pb_module_inner\">\n\t\t\t\t\t<div class=\"dtq-module dtq-module-parent dtq-iconbox\">\n                 \n                <div class=\"dtq-iconbox-inner dtq-bg-support\">\n                     <div class=\"dtq-iconbox__icon-wrap\">\n                    <div class=\"dtq-iconbox__icon\">\n                        <img decoding=\"async\" class=\"dtq-icon-image\" src=\"https:\/\/diceo.group\/wp-content\/uploads\/2023\/08\/brainstorming-1.png\" alt=\"\" \/>\n                    <\/div>\n                <\/div>  <p class=\"dtq-iconbox__desc\">Decision Support<\/p>\n                <\/div>\n            <\/div>\n\t\t\t\t<\/div>\n\t\t\t<\/div><div class=\"et_pb_module ba_icon_box ba_icon_box_3\">\n\t\t\t\t\n\t\t\t\t\n\t\t\t\t\n\t\t\t\t\n\t\t\t\t\n\t\t\t\t\n\t\t\t\t<div class=\"et_pb_module_inner\">\n\t\t\t\t\t<div class=\"dtq-module dtq-module-parent dtq-iconbox\">\n                 \n                <div class=\"dtq-iconbox-inner dtq-bg-support\">\n                     <div class=\"dtq-iconbox__icon-wrap\">\n                    <div class=\"dtq-iconbox__icon\">\n                        <img decoding=\"async\" class=\"dtq-icon-image\" src=\"\" alt=\"\" \/>\n                    <\/div>\n                <\/div>  <p class=\"dtq-iconbox__desc\">&#8220;Aufzugsverbesserung&#8220;<\/p>\n                <\/div>\n            <\/div>\n\t\t\t\t<\/div>\n\t\t\t<\/div><\/p>","protected":false},"author":1,"featured_media":0,"parent":0,"menu_order":0,"comment_status":"closed","ping_status":"closed","template":"","meta":{"_et_pb_use_builder":"on","_et_pb_old_content":"<!-- wp:divi\/placeholder \/-->","_et_gb_content_width":"","iawp_total_views":72,"footnotes":""},"_links":{"self":[{"href":"https:\/\/diceo.group\/en\/wp-json\/wp\/v2\/pages\/566"}],"collection":[{"href":"https:\/\/diceo.group\/en\/wp-json\/wp\/v2\/pages"}],"about":[{"href":"https:\/\/diceo.group\/en\/wp-json\/wp\/v2\/types\/page"}],"author":[{"embeddable":true,"href":"https:\/\/diceo.group\/en\/wp-json\/wp\/v2\/users\/1"}],"replies":[{"embeddable":true,"href":"https:\/\/diceo.group\/en\/wp-json\/wp\/v2\/comments?post=566"}],"version-history":[{"count":23,"href":"https:\/\/diceo.group\/en\/wp-json\/wp\/v2\/pages\/566\/revisions"}],"predecessor-version":[{"id":1428,"href":"https:\/\/diceo.group\/en\/wp-json\/wp\/v2\/pages\/566\/revisions\/1428"}],"wp:attachment":[{"href":"https:\/\/diceo.group\/en\/wp-json\/wp\/v2\/media?parent=566"}],"curies":[{"name":"wp","href":"https:\/\/api.w.org\/{rel}","templated":true}]}}