{"id":557,"date":"2023-09-01T14:41:13","date_gmt":"2023-09-01T12:41:13","guid":{"rendered":"http:\/\/diceo.group\/?page_id=557"},"modified":"2024-05-16T10:04:09","modified_gmt":"2024-05-16T08:04:09","slug":"ist-analysen-und-strategieentwicklung","status":"publish","type":"page","link":"https:\/\/diceo.group\/en\/ist-analysen-und-strategieentwicklung\/","title":{"rendered":"IST-Analysen und Strategieentwicklung"},"content":{"rendered":"<p>[et_pb_section fb_built=&#8220;1&#8243; custom_padding_last_edited=&#8220;on|desktop&#8220; _builder_version=&#8220;4.22.0&#8243; _module_preset=&#8220;default&#8220; background_color=&#8220;rgba(17,17,17,0.4)&#8220; background_image=&#8220;http:\/\/diceo.group\/wp-content\/uploads\/2023\/09\/startup-business-teamwork-meeting-concept-scaled.jpg&#8220; background_blend=&#8220;multiply&#8220; height_tablet=&#8220;&#8220; height_phone=&#8220;&#8220; height_last_edited=&#8220;on|phone&#8220; custom_padding_tablet=&#8220;150px||150px||true|false&#8220; custom_padding_phone=&#8220;150px||150px||true|false&#8220; global_colors_info=&#8220;{}&#8220;][et_pb_row _builder_version=&#8220;4.22.0&#8243; _module_preset=&#8220;default&#8220; global_colors_info=&#8220;{}&#8220;][et_pb_column type=&#8220;4_4&#8243; _builder_version=&#8220;4.22.0&#8243; _module_preset=&#8220;default&#8220; global_colors_info=&#8220;{}&#8220;][et_pb_text _builder_version=&#8220;4.22.0&#8243; _module_preset=&#8220;default&#8220; text_font=&#8220;||||||||&#8220; global_colors_info=&#8220;{}&#8220;]<\/p>\n<h2 style=\"text-align: center;\">Transparenz<\/h2>\n<p>[\/et_pb_text][\/et_pb_column][\/et_pb_row][\/et_pb_section][et_pb_section fb_built=&#8220;1&#8243; _builder_version=&#8220;4.22.0&#8243; _module_preset=&#8220;default&#8220; global_colors_info=&#8220;{}&#8220;][et_pb_row column_structure=&#8220;1_6,1_6,1_6,1_6,1_6,1_6&#8243; make_equal=&#8220;on&#8220; _builder_version=&#8220;4.22.0&#8243; _module_preset=&#8220;default&#8220; module_alignment=&#8220;center&#8220; custom_padding=&#8220;||0px|||&#8220; border_color_all=&#8220;RGBA(255,255,255,0)&#8220; border_style_all=&#8220;none&#8220; border_color_bottom=&#8220;#458AC9&#8243; border_style_bottom=&#8220;inset&#8220; global_colors_info=&#8220;{}&#8220;][et_pb_column type=&#8220;1_6&#8243; _builder_version=&#8220;4.22.0&#8243; _module_preset=&#8220;default&#8220; global_colors_info=&#8220;{}&#8220;][ba_icon_box use_image=&#8220;on&#8220; icon_image=&#8220;https:\/\/diceo.group\/wp-content\/uploads\/2023\/08\/computer-1.png&#8220; description=&#8220;EYELEVATE&#8220; icon_size=&#8220;40px&#8220; icon_padding=&#8220;0px|0px|10px|0px|false|false&#8220; icon_spacing=&#8220;0px&#8220; _builder_version=&#8220;4.22.0&#8243; _module_preset=&#8220;default&#8220; description_font_size=&#8220;13px&#8220; background_color=&#8220;RGBA(255,255,255,0)&#8220; custom_margin=&#8220;||0px||false|false&#8220; custom_padding=&#8220;0px||0px||false|false&#8220; link_option_url=&#8220;https:\/\/diceo.group\/eyelevate&#8220; border_width_all_box=&#8220;0px&#8220; global_colors_info=&#8220;{}&#8220;][\/ba_icon_box][et_pb_button button_url=&#8220;https:\/\/diceo.group\/eyelevate\/&#8220; button_text=&#8220;mehr&#8220; button_alignment=&#8220;center&#8220; _builder_version=&#8220;4.22.0&#8243; _module_preset=&#8220;default&#8220; custom_button=&#8220;on&#8220; button_border_radius=&#8220;22px&#8220; transform_scale=&#8220;70%|70%&#8220; global_colors_info=&#8220;{}&#8220;][\/et_pb_button][\/et_pb_column][et_pb_column type=&#8220;1_6&#8243; _builder_version=&#8220;4.22.0&#8243; _module_preset=&#8220;default&#8220; global_colors_info=&#8220;{}&#8220;][ba_icon_box use_image=&#8220;on&#8220; icon_image=&#8220;https:\/\/diceo.group\/wp-content\/uploads\/2023\/08\/analysing.png&#8220; description=&#8220;Transparenz&#8220; icon_size=&#8220;40px&#8220; icon_padding=&#8220;0px|0px|10px|0px|false|false&#8220; icon_spacing=&#8220;0px&#8220; _builder_version=&#8220;4.22.0&#8243; _module_preset=&#8220;default&#8220; description_font_size=&#8220;13px&#8220; module_alignment=&#8220;center&#8220; custom_margin=&#8220;||0px|||&#8220; custom_padding=&#8220;0px||0px||false|false&#8220; link_option_url=&#8220;https:\/\/diceo.group\/ist-analysen-und-strategieentwicklung\/&#8220; border_width_all_box=&#8220;0px&#8220; global_colors_info=&#8220;{}&#8220;][\/ba_icon_box][et_pb_button button_url=&#8220;https:\/\/diceo.group\/ist-analysen-und-strategieentwicklung\/&#8220; button_text=&#8220;mehr&#8220; button_alignment=&#8220;center&#8220; _builder_version=&#8220;4.22.0&#8243; _module_preset=&#8220;default&#8220; custom_button=&#8220;on&#8220; button_text_color=&#8220;#FFFFFF&#8220; button_bg_color=&#8220;#001D6E&#8220; button_border_radius=&#8220;22px&#8220; transform_scale=&#8220;70%|70%&#8220; global_colors_info=&#8220;{}&#8220;][\/et_pb_button][\/et_pb_column][et_pb_column type=&#8220;1_6&#8243; _builder_version=&#8220;4.22.0&#8243; _module_preset=&#8220;default&#8220; global_colors_info=&#8220;{}&#8220;][ba_icon_box use_image=&#8220;on&#8220; icon_image=&#8220;https:\/\/diceo.group\/wp-content\/uploads\/2023\/08\/brainstorming-1.png&#8220; description=&#8220;Entscheidungshilfe&#8220; icon_size=&#8220;40px&#8220; icon_padding=&#8220;0px|0px|10px|0px|false|false&#8220; icon_spacing=&#8220;0px&#8220; _builder_version=&#8220;4.22.0&#8243; _module_preset=&#8220;default&#8220; description_font_size=&#8220;13px&#8220; custom_margin=&#8220;0px||||false|false&#8220; custom_padding=&#8220;0px||||false|false&#8220; link_option_url=&#8220;https:\/\/diceo.group\/sicherheit-und-modernisierung\/&#8220; border_width_all_box=&#8220;0px&#8220; global_colors_info=&#8220;{}&#8220;][\/ba_icon_box][et_pb_button button_url=&#8220;https:\/\/diceo.group\/sicherheit-und-modernisierung\/&#8220; button_text=&#8220;mehr&#8220; button_alignment=&#8220;center&#8220; _builder_version=&#8220;4.22.0&#8243; _module_preset=&#8220;default&#8220; custom_button=&#8220;on&#8220; button_border_radius=&#8220;22px&#8220; transform_scale=&#8220;70%|70%&#8220; global_colors_info=&#8220;{}&#8220;][\/et_pb_button][\/et_pb_column][et_pb_column type=&#8220;1_6&#8243; _builder_version=&#8220;4.22.0&#8243; _module_preset=&#8220;default&#8220; global_colors_info=&#8220;{}&#8220;][ba_icon_box use_image=&#8220;on&#8220; icon_image=&#8220;https:\/\/diceo.group\/wp-content\/uploads\/2023\/08\/control-1.png&#8220; description=&#8220;Aufzugsverbesserung&#8220; icon_size=&#8220;40px&#8220; icon_padding=&#8220;0px|0px|10px|0px|false|false&#8220; icon_spacing=&#8220;0px&#8220; _builder_version=&#8220;4.22.0&#8243; _module_preset=&#8220;default&#8220; description_font_size=&#8220;13px&#8220; custom_margin=&#8220;0px||0px||false|false&#8220; custom_padding=&#8220;0px||0px||false|false&#8220; link_option_url=&#8220;https:\/\/diceo.group\/investitionen-in-neue-aufzugsanlagen\/&#8220; border_width_all_box=&#8220;0px&#8220; global_colors_info=&#8220;{}&#8220;][\/ba_icon_box][et_pb_button button_url=&#8220;https:\/\/diceo.group\/investitionen-in-neue-aufzugsanlagen\/&#8220; button_text=&#8220;mehr&#8220; button_alignment=&#8220;center&#8220; _builder_version=&#8220;4.22.0&#8243; _module_preset=&#8220;default&#8220; custom_button=&#8220;on&#8220; button_border_radius=&#8220;22px&#8220; transform_scale=&#8220;70%|70%&#8220; global_colors_info=&#8220;{}&#8220;][\/et_pb_button][\/et_pb_column][et_pb_column type=&#8220;1_6&#8243; _builder_version=&#8220;4.22.0&#8243; _module_preset=&#8220;default&#8220; global_colors_info=&#8220;{}&#8220;][ba_icon_box use_image=&#8220;on&#8220; icon_image=&#8220;https:\/\/diceo.group\/wp-content\/uploads\/2023\/08\/development-plan.png&#8220; description=&#8220;Prozessoptimierung&#8220; icon_size=&#8220;40px&#8220; icon_padding=&#8220;0px|0px|10px|0px|false|false&#8220; icon_spacing=&#8220;0px&#8220; _builder_version=&#8220;4.22.0&#8243; _module_preset=&#8220;default&#8220; description_font_size=&#8220;13px&#8220; custom_margin=&#8220;|||0px|false|false&#8220; custom_padding=&#8220;0px||||false|false&#8220; link_option_url=&#8220;https:\/\/diceo.group\/wartung-und-betriebsmanagement\/&#8220; border_width_all_box=&#8220;0px&#8220; global_colors_info=&#8220;{}&#8220;][\/ba_icon_box][et_pb_button button_url=&#8220;https:\/\/diceo.group\/wartung-und-betriebsmanagement\/&#8220; button_text=&#8220;mehr&#8220; button_alignment=&#8220;center&#8220; _builder_version=&#8220;4.22.0&#8243; _module_preset=&#8220;default&#8220; custom_button=&#8220;on&#8220; button_border_radius=&#8220;22px&#8220; transform_scale=&#8220;70%|70%&#8220; global_colors_info=&#8220;{}&#8220;][\/et_pb_button][\/et_pb_column][et_pb_column type=&#8220;1_6&#8243; _builder_version=&#8220;4.22.0&#8243; _module_preset=&#8220;default&#8220; border_color_all=&#8220;RGBA(255,255,255,0)&#8220; border_style_all=&#8220;none&#8220; global_colors_info=&#8220;{}&#8220;][ba_icon_box use_image=&#8220;on&#8220; icon_image=&#8220;https:\/\/diceo.group\/wp-content\/uploads\/2023\/12\/Design-ohne-Titel-6.png&#8220; description=&#8220;Innovation&#8220; icon_size=&#8220;40px&#8220; icon_padding=&#8220;0px|0px|10px|0px|false|false&#8220; icon_spacing=&#8220;0px&#8220; _builder_version=&#8220;4.22.0&#8243; _module_preset=&#8220;default&#8220; description_font_size=&#8220;13px&#8220; custom_margin=&#8220;||1px|||&#8220; custom_padding=&#8220;0px||||false|false&#8220; link_option_url=&#8220;https:\/\/diceo.group\/betriebsoptimierung\/&#8220; border_width_all_box=&#8220;0px&#8220; border_color_bottom_box=&#8220;#001D6E&#8220; global_colors_info=&#8220;{}&#8220;][\/ba_icon_box][et_pb_button button_url=&#8220;https:\/\/diceo.group\/betriebsoptimierung\/&#8220; button_text=&#8220;mehr&#8220; button_alignment=&#8220;center&#8220; _builder_version=&#8220;4.22.0&#8243; _module_preset=&#8220;default&#8220; custom_button=&#8220;on&#8220; button_border_radius=&#8220;22px&#8220; transform_scale=&#8220;70%|70%&#8220; global_colors_info=&#8220;{}&#8220;][\/et_pb_button][\/et_pb_column][\/et_pb_row][et_pb_row use_custom_gutter=&#8220;on&#8220; _builder_version=&#8220;4.22.0&#8243; _module_preset=&#8220;default&#8220; custom_margin=&#8220;23px|auto||auto||&#8220; global_colors_info=&#8220;{}&#8220;][et_pb_column type=&#8220;4_4&#8243; _builder_version=&#8220;4.22.0&#8243; _module_preset=&#8220;default&#8220; global_colors_info=&#8220;{}&#8220;][et_pb_text _builder_version=&#8220;4.22.0&#8243; _module_preset=&#8220;default&#8220; custom_padding=&#8220;||20px||false|false&#8220; hover_enabled=&#8220;0&#8243; global_colors_info=&#8220;{}&#8220; sticky_enabled=&#8220;0&#8243;]<\/p>\n<h4><strong>Bestandsanalyse\u00a0<\/strong><\/h4>\n<p>Wer mehr als nur einen Aufzug hat, ist gut beraten, sich einen \u00dcberblick \u00fcber seine Aufzugsflotte zu verschaffen. Wir analysieren die Assets Ihres Aufzugsportfolios und dokumentieren Ihre Aufzugsdaten wie zum Beispiel Angaben zum Hersteller, dem Aufzugtyp, das Baujahr und weitere wesentliche Keyfacts. Dadurch behalten Sie den Durchblick und sind \u00fcber die wesentlichen Eigenschaften Ihrer Aufzugflotte informiert.<strong><\/strong><\/p>\n<h4><strong>Technische Zustandsanalyse\u00a0<\/strong><\/h4>\n<p>Wir erfassen den technischen Zustand Ihres Aufzugs nach festgelegten Parametern, analysieren die Bauteile auf Alterung und Verschlei\u00df und \u00fcberpr\u00fcfen das Fahrverhalten. Diese Analyse f\u00fchren wir gemeinsam mit unabh\u00e4ngigen Sachverst\u00e4ndigen durch. So erhalten Sie eine objektive und neutrale Bewertung Ihrer Anlage als Grundlage f\u00fcr weitere Entscheidungen wie Reparatur, Umbau oder Austausch.<\/p>\n<h4><strong>Gef\u00e4hrdungsbeurteilungen<\/strong><\/h4>\n<p>Um den rechtlichen Anforderungen gerecht zu werden, f\u00fchren wir f\u00fcr Sie Gef\u00e4hrdungsbeurteilungen an Maschinen und Anlagen durch. Gleichzeitig k\u00f6nnen unsere Sicherheitsingenieure Ihr Unternehmen ganzheitlich in der sicheren Gestaltung von Arbeitsabl\u00e4ufen und der Auslegung einer optimierten Sicherheit an Ihren Anlagen zielgerichtet beraten.<strong>\u00a0<\/strong><\/p>\n<p><strong><\/strong><\/p>\n<h4><strong>Condition Monitoring<\/strong><o:p><\/o:p><\/h4>\n<p>Verf\u00fcgbarkeit ist ein zentraler Faktor f\u00fcr die Gesamteffektivit\u00e4t von Anlagen. Im Zeitalter der Industrie 4.0 kann sich Ihre Instandhaltung den permanenten Zugriff auf Sensordaten mit unserer stand alone L\u00f6sung EYELEVATE jedoch zunutze machen und ungeplante Stillst\u00e4nde verhindern. Anomalien im Fahrverhalten oder Verschlei\u00df werden dadurch schneller sichtbar und Entscheidungen k\u00f6nnen somit datenbasiert getroffen werden. Mehrkosten f\u00fcr vermeidbare Wartungseins\u00e4tze k\u00f6nnen eingespart werden und geh\u00f6ren damit ebenso der Vergangenheit an wie un\u00fcbersichtliche Datenmengen.<\/p>\n<p>&nbsp;<\/p>\n<p>[\/et_pb_text][\/et_pb_column][\/et_pb_row][\/et_pb_section][et_pb_section fb_built=&#8220;1&#8243; _builder_version=&#8220;4.22.0&#8243; _module_preset=&#8220;default&#8220; background_color=&#8220;#001D6E&#8220; global_module=&#8220;282&#8243; saved_tabs=&#8220;all&#8220; global_colors_info=&#8220;{}&#8220;][et_pb_row column_structure=&#8220;1_2,1_2&#8243; _builder_version=&#8220;4.22.0&#8243; _module_preset=&#8220;default&#8220; global_colors_info=&#8220;{}&#8220;][et_pb_column type=&#8220;1_2&#8243; _builder_version=&#8220;4.22.0&#8243; _module_preset=&#8220;default&#8220; global_colors_info=&#8220;{}&#8220;][et_pb_image src=&#8220;https:\/\/diceo.group\/wp-content\/uploads\/2023\/09\/frontale_rotonda-b851bea5.jpg&#8220; title_text=&#8220;frontale_rotonda-b851bea5&#8243; align=&#8220;center&#8220; align_tablet=&#8220;&#8220; align_phone=&#8220;left&#8220; align_last_edited=&#8220;on|phone&#8220; _builder_version=&#8220;4.22.0&#8243; _module_preset=&#8220;default&#8220; width=&#8220;63%&#8220; custom_margin=&#8220;||13px|||&#8220; global_colors_info=&#8220;{}&#8220;][\/et_pb_image][\/et_pb_column][et_pb_column type=&#8220;1_2&#8243; _builder_version=&#8220;4.22.0&#8243; _module_preset=&#8220;default&#8220; global_colors_info=&#8220;{}&#8220;][et_pb_text _builder_version=&#8220;4.22.0&#8243; _module_preset=&#8220;default&#8220; header_4_text_color=&#8220;#FFFFFF&#8220; header_4_line_height=&#8220;1.3em&#8220; custom_margin=&#8220;||16px|||&#8220; global_colors_info=&#8220;{}&#8220;]<\/p>\n<h4>Kontakt<\/h4>\n<p>[\/et_pb_text][et_pb_text _builder_version=&#8220;4.22.0&#8243; _module_preset=&#8220;default&#8220; text_text_color=&#8220;#FFFFFF&#8220; custom_margin=&#8220;||16px|||&#8220; custom_padding=&#8220;||20px||false|false&#8220; global_colors_info=&#8220;{}&#8220;]<\/p>\n<p>Wir helfen Ihnen gerne! Kommen Sie gerne direkt auf uns zu. Sie erreichen uns via E-Mail oder telefonisch.<\/p>\n<p>Wir freuen uns auf ein pers\u00f6nliches Gespr\u00e4ch mit Ihnen.<\/p>\n<p>[\/et_pb_text][dnxte_button button_text=&#8220;Kontaktformular&#8220; button_link=&#8220;https:\/\/diceo.group\/kontakt\/&#8220; dnxt_button_alignment=&#8220;left&#8220; btn_icon=&#8220;&#x45;||divi||400&#8243; btn_icon_color=&#8220;#FFFFFF&#8220; dnxt_hover_bg_color=&#8220;#458AC9&#8243; _builder_version=&#8220;4.22.0&#8243; _module_preset=&#8220;default&#8220; btn_fonts_text_color=&#8220;#FFFFFF&#8220; btn_fonts_font_size=&#8220;18px&#8220; background_color=&#8220;RGBA(255,255,255,0)&#8220; border_radii_btn_border=&#8220;on|10px|10px|10px|10px&#8220; global_colors_info=&#8220;{}&#8220;][\/dnxte_button][\/et_pb_column][\/et_pb_row][\/et_pb_section]<\/p>\n","protected":false},"excerpt":{"rendered":"<p>Transparency<div class=\"et_pb_with_border et_pb_module ba_icon_box ba_icon_box_0 et_clickable\">\n\t\t\t\t\n\t\t\t\t\n\t\t\t\t\n\t\t\t\t\n\t\t\t\t\n\t\t\t\t\n\t\t\t\t<div class=\"et_pb_module_inner\">\n\t\t\t\t\t<div class=\"dtq-module dtq-module-parent dtq-iconbox\">\n                 \n                <div class=\"dtq-iconbox-inner dtq-bg-support\">\n                     <div class=\"dtq-iconbox__icon-wrap\">\n                    <div class=\"dtq-iconbox__icon\">\n                        <img decoding=\"async\" class=\"dtq-icon-image\" src=\"https:\/\/diceo.group\/wp-content\/uploads\/2023\/08\/computer-1.png\" alt=\"\" \/>\n                    <\/div>\n                <\/div>  <p class=\"dtq-iconbox__desc\">EYELEVATE<\/p>\n                <\/div>\n            <\/div>\n\t\t\t\t<\/div>\n\t\t\t<\/div><div class=\"et_pb_with_border et_pb_module ba_icon_box ba_icon_box_1 et_clickable\">\n\t\t\t\t\n\t\t\t\t\n\t\t\t\t\n\t\t\t\t\n\t\t\t\t\n\t\t\t\t\n\t\t\t\t<div class=\"et_pb_module_inner\">\n\t\t\t\t\t<div class=\"dtq-module dtq-module-parent dtq-iconbox\">\n                 \n                <div class=\"dtq-iconbox-inner dtq-bg-support\">\n                     <div class=\"dtq-iconbox__icon-wrap\">\n                    <div class=\"dtq-iconbox__icon\">\n                        <img decoding=\"async\" class=\"dtq-icon-image\" src=\"https:\/\/diceo.group\/wp-content\/uploads\/2023\/08\/analysing.png\" alt=\"\" \/>\n                    <\/div>\n                <\/div>  <p class=\"dtq-iconbox__desc\">Transparency<\/p>\n                <\/div>\n            <\/div>\n\t\t\t\t<\/div>\n\t\t\t<\/div><div class=\"et_pb_with_border et_pb_module ba_icon_box ba_icon_box_2 et_clickable\">\n\t\t\t\t\n\t\t\t\t\n\t\t\t\t\n\t\t\t\t\n\t\t\t\t\n\t\t\t\t\n\t\t\t\t<div class=\"et_pb_module_inner\">\n\t\t\t\t\t<div class=\"dtq-module dtq-module-parent dtq-iconbox\">\n                 \n                <div class=\"dtq-iconbox-inner dtq-bg-support\">\n                     <div class=\"dtq-iconbox__icon-wrap\">\n                    <div class=\"dtq-iconbox__icon\">\n                        <img decoding=\"async\" class=\"dtq-icon-image\" src=\"https:\/\/diceo.group\/wp-content\/uploads\/2023\/08\/brainstorming-1.png\" alt=\"\" \/>\n                    <\/div>\n                <\/div>  <p class=\"dtq-iconbox__desc\">Decision Support<\/p>\n                <\/div>\n            <\/div>\n\t\t\t\t<\/div>\n\t\t\t<\/div><div class=\"et_pb_module ba_icon_box ba_icon_box_3\">\n\t\t\t\t\n\t\t\t\t\n\t\t\t\t\n\t\t\t\t\n\t\t\t\t\n\t\t\t\t\n\t\t\t\t<div class=\"et_pb_module_inner\">\n\t\t\t\t\t<div class=\"dtq-module dtq-module-parent dtq-iconbox\">\n                 \n                <div class=\"dtq-iconbox-inner dtq-bg-support\">\n                     <div class=\"dtq-iconbox__icon-wrap\">\n                    <div class=\"dtq-iconbox__icon\">\n                        <img decoding=\"async\" class=\"dtq-icon-image\" src=\"\" alt=\"\" \/>\n                    <\/div>\n                <\/div>  <p class=\"dtq-iconbox__desc\">&#8220;Aufzugsverbesserung&#8220;<\/p>\n                <\/div>\n            <\/div>\n\t\t\t\t<\/div>\n\t\t\t<\/div><\/p>","protected":false},"author":1,"featured_media":0,"parent":0,"menu_order":0,"comment_status":"closed","ping_status":"closed","template":"","meta":{"_et_pb_use_builder":"on","_et_pb_old_content":"<!-- wp:divi\/placeholder \/-->","_et_gb_content_width":"","iawp_total_views":67,"footnotes":""},"_links":{"self":[{"href":"https:\/\/diceo.group\/en\/wp-json\/wp\/v2\/pages\/557"}],"collection":[{"href":"https:\/\/diceo.group\/en\/wp-json\/wp\/v2\/pages"}],"about":[{"href":"https:\/\/diceo.group\/en\/wp-json\/wp\/v2\/types\/page"}],"author":[{"embeddable":true,"href":"https:\/\/diceo.group\/en\/wp-json\/wp\/v2\/users\/1"}],"replies":[{"embeddable":true,"href":"https:\/\/diceo.group\/en\/wp-json\/wp\/v2\/comments?post=557"}],"version-history":[{"count":31,"href":"https:\/\/diceo.group\/en\/wp-json\/wp\/v2\/pages\/557\/revisions"}],"predecessor-version":[{"id":1444,"href":"https:\/\/diceo.group\/en\/wp-json\/wp\/v2\/pages\/557\/revisions\/1444"}],"wp:attachment":[{"href":"https:\/\/diceo.group\/en\/wp-json\/wp\/v2\/media?parent=557"}],"curies":[{"name":"wp","href":"https:\/\/api.w.org\/{rel}","templated":true}]}}