{"id":527,"date":"2023-09-01T13:57:40","date_gmt":"2023-09-01T11:57:40","guid":{"rendered":"http:\/\/diceo.group\/?page_id=527"},"modified":"2024-03-20T13:42:04","modified_gmt":"2024-03-20T12:42:04","slug":"allgemeine-geschaeftsbedingungen","status":"publish","type":"page","link":"https:\/\/diceo.group\/en\/allgemeine-geschaeftsbedingungen\/","title":{"rendered":"General terms and conditions"},"content":{"rendered":"<p>[et_pb_section fb_built=&#8220;1&#8243; _builder_version=&#8220;4.22.0&#8243; _module_preset=&#8220;default&#8220; background_color=&#8220;#001D6E&#8220; use_background_color_gradient=&#8220;on&#8220; background_color_gradient_stops=&#8220;#001d6e 0%|#458ac9 54%|#ffffff 100%&#8220; background_enable_image=&#8220;off&#8220; background_blend=&#8220;multiply&#8220; height_tablet=&#8220;600px&#8220; height_phone=&#8220;230px&#8220; height_last_edited=&#8220;on|phone&#8220; box_shadow_style=&#8220;preset3&#8243; box_shadow_spread=&#8220;-21px&#8220; box_shadow_color=&#8220;#001D6E&#8220; global_colors_info=&#8220;{}&#8220;][et_pb_row _builder_version=&#8220;4.22.0&#8243; _module_preset=&#8220;default&#8220; global_colors_info=&#8220;{}&#8220;][et_pb_column type=&#8220;4_4&#8243; _builder_version=&#8220;4.22.0&#8243; _module_preset=&#8220;default&#8220; global_colors_info=&#8220;{}&#8220;][et_pb_text _builder_version=&#8220;4.22.0&#8243; _module_preset=&#8220;default&#8220; text_font=&#8220;||||||||&#8220; global_colors_info=&#8220;{}&#8220;]<\/p>\n<h2 style=\"text-align: center;\">AGB<\/h2>\n<p>[\/et_pb_text][\/et_pb_column][\/et_pb_row][\/et_pb_section][et_pb_section fb_built=&#8220;1&#8243; _builder_version=&#8220;4.22.0&#8243; _module_preset=&#8220;default&#8220; global_colors_info=&#8220;{}&#8220;][et_pb_row use_custom_gutter=&#8220;on&#8220; _builder_version=&#8220;4.22.0&#8243; _module_preset=&#8220;default&#8220; global_colors_info=&#8220;{}&#8220;][et_pb_column type=&#8220;4_4&#8243; _builder_version=&#8220;4.22.0&#8243; _module_preset=&#8220;default&#8220; global_colors_info=&#8220;{}&#8220;][et_pb_heading title=&#8220;Allgemeine Gesch\u00e4ftsbedingungen&#8220; _builder_version=&#8220;4.22.0&#8243; _module_preset=&#8220;default&#8220; title_level=&#8220;h4&#8243; custom_margin=&#8220;||0px||false|false&#8220; custom_padding=&#8220;||0px||false|false&#8220; locked=&#8220;off&#8220; global_colors_info=&#8220;{}&#8220;][\/et_pb_heading][et_pb_text _builder_version=&#8220;4.22.0&#8243; _module_preset=&#8220;default&#8220; text_font_size=&#8220;15px&#8220; header_4_font=&#8220;||||||||&#8220; custom_padding=&#8220;||20px||false|false&#8220; hover_enabled=&#8220;0&#8243; global_colors_info=&#8220;{}&#8220; sticky_enabled=&#8220;0&#8243;]<\/p>\n<p>&nbsp;<\/p>\n<p>&nbsp;<\/p>\n<p>&nbsp;<\/p>\n<p>&nbsp;<\/p>\n<p>f\u00fcr Dienst- und Werkvertragsleistungen<br \/>DICEO Group GmbH<\/p>\n<p><strong>I. Geltung dieser Bedingungen<\/strong><\/p>\n<p><span style=\"font-size: 15px;\">1. Sofern im Einzelfall nichts anderes vereinbart wird, kommen Vertr\u00e4ge mit uns ausschlie\u00dflich nach Ma\u00dfgabe der nachstehenden Bestimmungen zustande. Mit der Erteilung des Auftrags erkl\u00e4rt sich der Auftraggeber mit unseren Bedingungen einverstanden. Entgegenstehende oder abweichende Bedingungen des Auftraggebers sind f\u00fcr uns nur dann verbindlich, wenn wir sie ausdr\u00fccklich anerkannt haben. Dies muss schriftlich erfolgen. Unsere Bedingungen gelten auch dann, wenn wir in Kenntnis entgegenstehender oder abweichender Bedingungen des Auftraggebers unsere Leistungen vorbehaltlos ausf\u00fchren.<\/span><\/p>\n<p><span style=\"font-size: 15px;\">2. Diese Allgemeinen Gesch\u00e4ftsbedingungen gelten f\u00fcr alle unsere Dienst- und Werkvertragsleistungen und f\u00fcr alle aus dem Vertragsverh\u00e4ltnis mit dem Auftraggeber bestehenden Pflichten, auch f\u00fcr alle zuk\u00fcnftigen Gesch\u00e4ftsbeziehungen.<\/span><\/p>\n<p><strong>II. Auftragserteilung<\/strong><\/p>\n<p><span style=\"font-size: 15px;\">1. Ein Vertrag mit uns kommt erst dann zustande, wenn der Auftraggeber unser Angebot vorbehaltlos annimmt oder ihm unsere schriftliche Auftragsbest\u00e4tigung zusteht oder wir mit der Ausf\u00fchrung der Leistungen beginnen. Erteilen wir eine schriftliche Auftragsbest\u00e4tigung, so ist diese f\u00fcr Inhalt und Umfang des Vertrages ma\u00dfgeblich, sofern nicht ausdr\u00fccklich etwas anderes vereinbart ist.<\/span><\/p>\n<p><span style=\"font-size: 15px;\">2. \u00c4nderungen, Nebenabreden und Erg\u00e4nzungen sowie Beschaffenheitsvereinbarungen oder die \u00dcbernahme von Garantien bed\u00fcrfen zu ihrer Wirksamkeit unserer ausdr\u00fccklichen Best\u00e4tigung. Diese muss schriftlich erfolgen. Dies gilt auch f\u00fcr eine Aufhebung dieser Klausel.<\/span><\/p>\n<p><strong>III. Auftragsausf\u00fchrung<\/strong><\/p>\n<p><span style=\"font-size: 15px;\">1. Wir schulden nur die vertraglich konkret festgelegten Leistungen, die wir unter Beachtung der zum Zeitpunkt des Vertragsabschlusses bestehenden allgemein anerkannten Regeln der Technik erbringen. Der Auftraggeber hat uns von sich aus auf alle Vorg\u00e4nge und Umst\u00e4nde, die f\u00fcr die Durchf\u00fchrung des Auftrags von Bedeutung sein k\u00f6nnen, aufmerksam zu machen. Er hat uns alle f\u00fcr die Ausf\u00fchrung unserer Leistungen bedeutsamen Tatsachen zur Kenntnis zu geben.<\/span><\/p>\n<p><span style=\"font-size: 15px;\">2. Wir sind grunds\u00e4tzlich, sofern dies nicht Auftragsinhalt ist, nicht verpflichtet, die vom Auftraggeber zur Verf\u00fcgung gestellten Informationen, Daten etc. auf ihre Vollst\u00e4ndigkeit und Richtigkeit zu \u00fcberpr\u00fcfen.<\/span><\/p>\n<p><span style=\"font-size: 15px;\">3. Wir \u00fcbernehmen keine Gew\u00e4hrleistung f\u00fcr die Richtigkeit von Sicherheitsregeln, -vorschriften und -programmen, die unserer Auftrags-durchf\u00fchrung zugrunde liegen, es sei denn, diese stammen von uns selbst oder sind Gegenstand unseres Auftrags. Wir tragen keine Verantwortung f\u00fcr die Ordnungsm\u00e4\u00dfigkeit und das Funktionieren der auf technische Sicherheit \u00fcberpr\u00fcften Objekte, sofern dies nicht ausdr\u00fccklich Auftragsinhalt ist.<\/span><\/p>\n<p><span style=\"font-size: 15px;\">4. Sofern Mitwirkungshandlungen des Auftraggebers zur Ausf\u00fchrung unserer Leistungen erforderlich sind, hat er diese rechtzeitig zu erbringen. Geschieht dies nicht oder nicht ordnungsgem\u00e4\u00df, sind wir berechtigt, ihm den uns dadurch entstehenden Mehraufwand in Rechnung zu stellen, wobei wir uns weitergehende gesetzliche Anspr\u00fcche vorbehalten.<\/span><\/p>\n<p><span style=\"font-size: 15px;\">5. Wir haben das Recht, unsere Leistungen durch einen von uns sorgf\u00e4ltig ausgesuchten und uns geeignet erscheinenden Unterauftragnehmer durchf\u00fchren zu lassen.<\/span><\/p>\n<p><span style=\"font-size: 15px;\">6. Gesch\u00e4fts- und Betriebsgeheimnisse, die einem Vertragspartner bei Durchf\u00fchrung des Vertrages zur Kenntnis gelangen, d\u00fcrfen nicht unbefugt Dritten gegen\u00fcber offenbart oder verwertet werden.<\/span><\/p>\n<p><strong>\u00a0IV. <\/strong><strong>Auftragsfristen\/-termine<\/strong><\/p>\n<p><span style=\"font-size: 15px;\">1. Auftragsfristen oder -termine sind nur verbindlich, wenn sie ausdr\u00fccklich schriftlich als verbindlich vereinbart sind. Verbindlich festgelegte Fristen\/Termine gelten nur, wenn alle Pflichten aus Ziff. III. 4. erf\u00fcllt werden. Nachtr\u00e4gliche \u00c4nderungsw\u00fcnsche oder versp\u00e4tet erbrachte Mitwirkungshandlungen des Auftraggebers verl\u00e4ngern die Leistungszeiten angemessen.<\/span><\/p>\n<p><span style=\"font-size: 15px;\">2. Wird die von uns geschuldete Leistung durch unvorhersehbare und durch uns unverschuldete Umst\u00e4nde verz\u00f6gert (z. B. Arbeitsk\u00e4mpfe, Betriebsst\u00f6ren etc.), sind wir berechtigt, ganz oder teilweise vom Vertrag zur\u00fcckzutreten oder nach unserer Wahl die Leistung und die Dauer der Behinderung hinauszuschieben. Wir werden den Auftraggeber unverz\u00fcglich \u00fcber die Nichtverf\u00fcgbarkeit der Leistung oder Teilleistung informieren und im Falle unseres Vertragsr\u00fccktrittes hierf\u00fcr bereits geleistete Gegenleistungen erstatten. Schadensersatzanspr\u00fcche sind ausgeschlossen.<\/span><\/p>\n<p><span style=\"font-size: 15px;\">3. Kommt der Auftraggeber in Annahmeverzug oder verletzt er seine Mitwirkungspflichten, sind wir berechtigt, den uns entstehenden Schaden einschlie\u00dflich etwaiger Mehraufwendungen zu verlangen.<\/span><\/p>\n<p><span style=\"font-size: 15px;\">4. Schadensersatz wegen Leistungsverzug oder zu vertretender Unm\u00f6glichkeit schulden wir nach Ma\u00dfgabe von Ziff. VIII.<\/span><\/p>\n<p><strong>\u00a0V. <\/strong><strong>Abnahme<\/strong><\/p>\n<p><span style=\"font-size: 15px;\">1. Sofern unsere Leistung der Abnahme bedarf, ist der Auftragnehmer hierzu verpflichtet. Kleinere M\u00e4ngel, welche die Tauglichkeit der Leistung zu dem vertraglich festgelegten Zweck nicht wesentlich beeintr\u00e4chtigen, berechtigen den Auftraggeber nicht, seine Abnahme zu verweigern, unbeschadet seines Rechts, M\u00e4ngelanspr\u00fcche geltend zu machen. Bei in sich abgeschlossenen Teilleistungen k\u00f6nnen wir Teilabnahmen verlangen.<\/span><\/p>\n<p><span style=\"font-size: 15px;\">2. Verweigert der Auftraggeber die Abnahme unter Versto\u00df gegen Ziff. 1., gilt diese gleichwohl als erfolgt.<\/span><\/p>\n<p><span style=\"font-size: 15px;\">3. Geistige Leistungen gelten als abgenommen, wenn der Auftraggeber nicht innerhalb von 30 Tagen nach deren Zugang in schriftlicher Form ausdr\u00fcckliche und unter konkreter Beschreibung vermeintliche M\u00e4ngel schriftlich Vorbehalte erhebt. Erweist sich ein Vorbehalt des Auftraggebers als unberechtigt, fallen ihm die entstandenen Mehrkosten zur Last.<\/span><\/p>\n<p><strong>\u00a0VI. <\/strong><strong>Zahlungsbedingungen<\/strong><\/p>\n<p><span style=\"font-size: 15px;\">1. Die Verg\u00fctung soll im Angebot bzw. in der Auftragsbest\u00e4tigung geregelt werden. Ist sie es nicht, gilt eine angemessene Verg\u00fctung als vereinbart. Die Verg\u00fctung versteht sich zuz\u00fcglich der gesetzlichen Umsatzsteuer in der jeweils g\u00fcltigen H\u00f6he, die bei Rechnungsstellung gesondert ausgewiesen wird.<\/span><\/p>\n<p><span style=\"font-size: 15px;\">2. Sofern kein Festpreis vereinbart und sich bei der Durchf\u00fchrung einer Leistung herausstellt, dass die Kosten den gegen\u00fcber dem Auftraggeber veranschlagten Betrag um mehr als 10 % \u00fcberschreiten werden, werden wir ihm dies mitteilen. Der Auftraggeber ist in diesem Fall entsprechend \u00a7 649 BGB zur K\u00fcndigung des Vertrages berechtigt. Wir rechnen dann nur die bis zu diesem Zeitpunkt von uns erbrachten Leistungen ab. Gleiches gilt, wenn wir aus wichtigem Grund vom Vertrag zur\u00fccktreten oder dieser einvernehmlich beendet wird.<\/span><\/p>\n<p><span style=\"font-size: 15px;\">3. Ein Zur\u00fcckbehaltungsrecht des Auftraggebers hinsichtlich der Verg\u00fctung sowie die Aufrechnung mit einer Gegenforderung sind ausgeschlossen, es sei denn, die Gegenforderung ist unbestritten oder rechtskr\u00e4ftig festgestellt.<\/span><\/p>\n<p><span style=\"font-size: 15px;\">4. Wir sind berechtigt, Kostenvorsch\u00fcsse \u2013 wenn keine \u00fcberwiegenden Belange des Auftraggebers entgegenstehen \u2013 zu verlangen oder Teilrechnungen entsprechend der erbrachten Leistungen zu stellen. Ist der Auftraggeber mit der Begleichung mindestens einer Teilrechnung trotz Nachfristsetzung in Verzug, haben wir das Recht, die weitere Ausf\u00fchrung des Auftrags zu verweigern, vom Vertrag zur\u00fcckzutreten und\/oder Schadensersatz statt der Leistung zu verlangen.<\/span><\/p>\n<p><span style=\"font-size: 15px;\">5. Bei Zahlungsverzug schuldet der Auftraggeber Verzugszinsen in H\u00f6he von 8 %, sofern wir ihm keinen h\u00f6heren Schaden nachweisen.<\/span><\/p>\n<p><strong>VII. Gew\u00e4hrleistung<\/strong><\/p>\n<p>Wir sind berechtigt, eine mangelhafte Leistung nachzubessern oder neu zu erbringen (Nacherf\u00fcllung). Erforderlich ist eine angemessene Fristsetzung durch den Auftraggeber. Wird die Nacherf\u00fcllung endg\u00fcltig und ernsthaft abgelehnt, nicht fristgem\u00e4\u00df von uns vorgenommen oder schl\u00e4gt sie fehl, hat der Auftraggeber das Recht, nach seiner Wahl, Minderung oder R\u00fccktritt unter den gesetzlichen Voraussetzungen zu verlangen. Schadensersatzanspr\u00fcche bestehen nur nach Ma\u00dfgabe von Ziff. VIII. Der Auftraggeber hat uns Beanstandungen unverz\u00fcglich nach Feststellung schriftlich anzuzeigen. Die Gew\u00e4hrleistungsfrist endet ein Jahr nach dem gesetzlichen Verj\u00e4hrungsbeginn.<\/p>\n<p><strong>VIII. Haftung<\/strong><\/p>\n<p><span style=\"font-size: 15px;\">1. Wir haften unbeschr\u00e4nkt f\u00fcr Sch\u00e4den aus der Verletzung des Lebens, des K\u00f6rpers oder der Gesundheit von Personen sowie f\u00fcr sonstige Sch\u00e4den, die auf einer vors\u00e4tzlichen oder grob fahrl\u00e4ssigen Pflichtverletzung eines unserer gesetzlichen Vertreter oder Erf\u00fcllungsgehilfen beruhen.<\/span><\/p>\n<p><span style=\"font-size: 15px;\">2. Im Falle der Verletzung einer wesentlichen Vertragspflicht ist unsere Ersatzpflicht auf den bei Vertragsabschluss vorhersehbaren, vertragstypischen Schaden begrenzt. F\u00fcr den Abschluss vorliegenden Vertrages begrenzen die Vertragsparteien den vorhersehbaren, vertragstypischen Schaden auf die H\u00f6chstsumme von Euro 500.000,00 pro Schadensereignis. Dar\u00fcber hinaus ist<\/span><span style=\"font-size: 15px;\">unsere Haftung ausgeschlossen.<\/span><\/p>\n<p><span style=\"font-size: 15px;\">3. Unsere Haftung f\u00fcr Sach- und Verm\u00f6genssch\u00e4den ist bei leichter Fahrl\u00e4ssigkeit ausgeschlossen.<\/span><\/p>\n<p><span style=\"font-size: 15px;\">4. Der Auftraggeber hat uns etwaige Sch\u00e4den, f\u00fcr die wir aufkommen m\u00fcssen, unverz\u00fcglich schriftlich anzuzeigen.<\/span><\/p>\n<p><span style=\"font-size: 15px;\">5. Soweit gem\u00e4\u00df vorstehender Regelungen unsere Haftung auf Schadensersatz ausgeschlossen oder begrenzt ist, erstreckt sich dies auch auf die pers\u00f6nliche Haftung unserer Organe, Mitarbeiter, Vertreter und Erf\u00fcllungsgehilfen und gilt auch f\u00fcr alle Anspr\u00fcche aus unerlaubter Handlung (\u00a7 823 ff. BGB), nicht hingegen f\u00fcr Anspr\u00fcche, sofern solche gem. \u00a7\u00a7 1, 4 Produkthaftungsgesetz in Betracht kommen.<\/span><\/p>\n<p><span style=\"font-size: 15px;\">6. F\u00fcr die Wiederbeschaffung von Daten haften wir nur, wenn der Auftraggeber sichergestellt hat, dass diese aus anderem Datenmaterial mit vertretbarem Aufwand rekonstruiert werden k\u00f6nnen.<\/span><\/p>\n<p><span style=\"font-size: 15px;\">7. Schadensersatzanspr\u00fcche nach Ziff. 1. verj\u00e4hren nach den gesetzlichen Regelungen. Schadensersatzanspr\u00fcche nach Ziff. 2. verj\u00e4hren ein Jahr nach dem gesetzlichen Verj\u00e4hrungsbeginn.<\/span><\/p>\n<p><strong>IX. <\/strong><strong>Urheberrechte\/Nutzungsrechte<\/strong><\/p>\n<p><span style=\"font-size: 15px;\">1. Entstehen bei Ausf\u00fchrung des Auftrages Ergebnisse, die dem Urheberrecht unterliegen, r\u00e4umen wir, soweit f\u00fcr den Vertragszweck erforderlich, dem Auftraggeber ein einfaches, nicht ausschlie\u00dfliches und nicht \u00fcbertragbares und nicht unterlizenzierbares Nutzungsrecht ein. Der Auftraggeber darf das Ergebnis nur vollst\u00e4ndig, nicht auszugweise und nur f\u00fcr den vertraglich <\/span><span style=\"font-size: 15px;\">vereinbarten Zweck verwenden.<\/span><\/p>\n<p><span style=\"font-size: 15px;\">2. Die Weitergabe und Verwertung unserer Leistung \u00fcber den vertraglich festgelegten Zweck hinaus einschlie\u00dflich deren Ver\u00f6ffentlichung, ist nur mit unserer vorherigen schriftlichen Zustimmung zul\u00e4ssig.<\/span><\/p>\n<p><strong>X. <\/strong><strong>Erf\u00fcllungsort\/Gerichtsstand<\/strong><\/p>\n<p><span style=\"font-size: 15px;\">1. Erf\u00fcllungsort f\u00fcr alle Leistungen ist der Sitz unseres Unternehmens<\/span><\/p>\n<p><span style=\"font-size: 15px;\">2. Die Abtretung oder Verpf\u00e4ndung von Anspr\u00fcchen, die dem Auftraggeber aus der Gesch\u00e4ftsverbindung mit uns zustehen, ist ausgeschlossen.<\/span><\/p>\n<p><span style=\"font-size: 15px;\">3. Gerichtsstand f\u00fcr alle aus der Gesch\u00e4ftsbeziehung herr\u00fchrenden Anspr\u00fcche ist der Sitz unseres Unternehmens. Wir sind jedoch berechtigt, den Auftraggeber an seinem allgemeinen Gerichtsstand zu verklagen.<\/span><\/p>\n<p><span style=\"font-size: 15px;\">4. Bei grenz\u00fcberschreitenden Leistungen ist der Sitz unseres Unternehmens ausschlie\u00dflicher Gerichtsstand f\u00fcr alle Streitigkeiten aus dem Vertragsverh\u00e4ltnis (Art. 17 EuGV\u00dc bzw. Art. 23 EuGVVO). Wir behalten uns das Recht vor, den Auftraggeber an seinem allgemeinen Gerichtsstand zu verklagen oder jedes andere Gericht anzurufen, das aufgrund des EuGV\u00dc bzw. des EuGVVO zust\u00e4ndig ist.<\/span><\/p>\n<p><span style=\"font-size: 15px;\">5. Das Vertragsverh\u00e4ltnis unterliegt ausschlie\u00dflich dem materiellen Recht der Bundesrepublik Deutschland. Die Anwendung des UN-Kaufrechts ist ausgeschlossen.<\/span><\/p>\n<p><span style=\"font-size: 15px;\">6. Sollte eine Bestimmung dieser Gesch\u00e4ftsbedingungen unwirksam sein oder werden oder sich eine L\u00fccke herausstellen, wird die G\u00fcltigkeit der \u00fcbrigen Bestimmungen nicht ber\u00fchrt. Anstelle der unwirksamen Bestimmung soll eine Ersatzbestimmung treten, die dem wirtschaftlichen Zweck des Vertrages und der angemessenen Wahrung der beiderseitigen Interessen am n\u00e4chsten kommt.<\/span><\/p>\n<p>[\/et_pb_text][\/et_pb_column][\/et_pb_row][\/et_pb_section]<\/p>\n","protected":false},"excerpt":{"rendered":"<p>AGB&nbsp; &nbsp; &nbsp; &nbsp; f\u00fcr Dienst- und WerkvertragsleistungenDICEO Group GmbH I. Geltung dieser Bedingungen 1. Sofern im Einzelfall nichts anderes vereinbart wird, kommen Vertr\u00e4ge mit uns ausschlie\u00dflich nach Ma\u00dfgabe der nachstehenden Bestimmungen zustande. Mit der Erteilung des Auftrags erkl\u00e4rt sich der Auftraggeber mit unseren Bedingungen einverstanden. Entgegenstehende oder abweichende Bedingungen des Auftraggebers sind f\u00fcr uns [&hellip;]<\/p>\n","protected":false},"author":1,"featured_media":0,"parent":0,"menu_order":0,"comment_status":"closed","ping_status":"closed","template":"","meta":{"_et_pb_use_builder":"on","_et_pb_old_content":"<!-- wp:divi\/placeholder \/-->","_et_gb_content_width":"","iawp_total_views":63,"footnotes":""},"_links":{"self":[{"href":"https:\/\/diceo.group\/en\/wp-json\/wp\/v2\/pages\/527"}],"collection":[{"href":"https:\/\/diceo.group\/en\/wp-json\/wp\/v2\/pages"}],"about":[{"href":"https:\/\/diceo.group\/en\/wp-json\/wp\/v2\/types\/page"}],"author":[{"embeddable":true,"href":"https:\/\/diceo.group\/en\/wp-json\/wp\/v2\/users\/1"}],"replies":[{"embeddable":true,"href":"https:\/\/diceo.group\/en\/wp-json\/wp\/v2\/comments?post=527"}],"version-history":[{"count":14,"href":"https:\/\/diceo.group\/en\/wp-json\/wp\/v2\/pages\/527\/revisions"}],"predecessor-version":[{"id":1375,"href":"https:\/\/diceo.group\/en\/wp-json\/wp\/v2\/pages\/527\/revisions\/1375"}],"wp:attachment":[{"href":"https:\/\/diceo.group\/en\/wp-json\/wp\/v2\/media?parent=527"}],"curies":[{"name":"wp","href":"https:\/\/api.w.org\/{rel}","templated":true}]}}