{"id":48,"date":"2023-08-18T17:17:41","date_gmt":"2023-08-18T15:17:41","guid":{"rendered":"http:\/\/diceo.group\/?page_id=48"},"modified":"2024-05-13T09:50:37","modified_gmt":"2024-05-13T07:50:37","slug":"home","status":"publish","type":"page","link":"https:\/\/diceo.group\/en\/","title":{"rendered":"Home"},"content":{"rendered":"<p>[et_pb_section fb_built=&#8220;1&#8243; _builder_version=&#8220;4.22.0&#8243; _module_preset=&#8220;default&#8220; background_color=&#8220;rgba(17,17,17,0.25)&#8220; background_image=&#8220;https:\/\/diceo.group\/wp-content\/uploads\/2023\/09\/iStock-106363508.jpg&#8220; background_position=&#8220;bottom_center&#8220; background_vertical_offset=&#8220;92%&#8220; background_blend=&#8220;multiply&#8220; height=&#8220;600px&#8220; height_tablet=&#8220;600px&#8220; height_phone=&#8220;500px&#8220; height_last_edited=&#8220;on|phone&#8220; custom_padding=&#8220;150px||150px||true|false&#8220; global_colors_info=&#8220;{}&#8220;][et_pb_row _builder_version=&#8220;4.22.0&#8243; _module_preset=&#8220;default&#8220; global_colors_info=&#8220;{}&#8220;][et_pb_column type=&#8220;4_4&#8243; _builder_version=&#8220;4.22.0&#8243; _module_preset=&#8220;default&#8220; global_colors_info=&#8220;{}&#8220;][et_pb_text _builder_version=&#8220;4.22.0&#8243; _module_preset=&#8220;default&#8220; text_font=&#8220;||||||||&#8220; global_colors_info=&#8220;{}&#8220;]<\/p>\n<h2 style=\"text-align: center;\">Elevate your<br \/>Liftmanagement<\/h2>\n<p>[\/et_pb_text][\/et_pb_column][\/et_pb_row][\/et_pb_section][et_pb_section fb_built=&#8220;1&#8243; _builder_version=&#8220;4.22.0&#8243; _module_preset=&#8220;default&#8220; global_colors_info=&#8220;{}&#8220;][et_pb_row _builder_version=&#8220;4.22.0&#8243; _module_preset=&#8220;default&#8220; global_colors_info=&#8220;{}&#8220;][et_pb_column type=&#8220;4_4&#8243; _builder_version=&#8220;4.22.0&#8243; _module_preset=&#8220;default&#8220; global_colors_info=&#8220;{}&#8220;][et_pb_text _builder_version=&#8220;4.22.0&#8243; _module_preset=&#8220;default&#8220; text_font=&#8220;||||||||&#8220; header_font=&#8220;Arial||||||||&#8220; header_4_line_height=&#8220;1.3em&#8220; custom_margin=&#8220;||-2px|||&#8220; global_colors_info=&#8220;{}&#8220;]<\/p>\n<h4 style=\"text-align: left;\">Digitale Prozesse f\u00fcr einen nachhaltigen Werterhalt Ihrer Anlagen<\/h4>\n<p>[\/et_pb_text][\/et_pb_column][\/et_pb_row][et_pb_row _builder_version=&#8220;4.22.0&#8243; _module_preset=&#8220;default&#8220; custom_margin=&#8220;-14px|auto||auto||&#8220; custom_padding=&#8220;0px|||||&#8220; global_colors_info=&#8220;{}&#8220;][et_pb_column type=&#8220;4_4&#8243; _builder_version=&#8220;4.22.0&#8243; _module_preset=&#8220;default&#8220; global_colors_info=&#8220;{}&#8220;][et_pb_text _builder_version=&#8220;4.22.0&#8243; _module_preset=&#8220;default&#8220; global_colors_info=&#8220;{}&#8220;]<\/p>\n<p>Wir verhelfen Ihnen zu einem transparenten, digitalen und nachhaltigen Aufzugsbetrieb. Denn wir denken in digitalen und datengetriebenen Prozessen, Services und Gesch\u00e4ftsmodellen, die Sie von Ihren Wettbewerbern abgrenzen, die eigenen Kapazit\u00e4ten erh\u00f6hen, die neue Gesch\u00e4ftsfelder erschlie\u00dfen und die Zufriedenheit Ihrer Kunden steigern.<\/p>\n<p>[\/et_pb_text][\/et_pb_column][\/et_pb_row][et_pb_row column_structure=&#8220;1_2,1_2&#8243; use_custom_gutter=&#8220;on&#8220; gutter_width=&#8220;1&#8243; _builder_version=&#8220;4.22.0&#8243; _module_preset=&#8220;default&#8220; min_height=&#8220;372.1px&#8220; custom_margin=&#8220;|auto||auto|false|false&#8220; custom_padding=&#8220;||1px|||&#8220; global_colors_info=&#8220;{}&#8220;][et_pb_column type=&#8220;1_2&#8243; _builder_version=&#8220;4.22.0&#8243; _module_preset=&#8220;default&#8220; global_colors_info=&#8220;{}&#8220;][et_pb_image src=&#8220;https:\/\/diceo.group\/wp-content\/uploads\/2023\/08\/pexels-kinga-longa-1652542-scaled.jpg&#8220; title_text=&#8220;pexels-kinga-longa-1652542_kurz&#8220; _builder_version=&#8220;4.22.0&#8243; _module_preset=&#8220;default&#8220; width=&#8220;91%&#8220; custom_margin=&#8220;||10px||false|false&#8220; global_colors_info=&#8220;{}&#8220;][\/et_pb_image][\/et_pb_column][et_pb_column type=&#8220;1_2&#8243; _builder_version=&#8220;4.22.0&#8243; _module_preset=&#8220;default&#8220; global_colors_info=&#8220;{}&#8220;][et_pb_text _builder_version=&#8220;4.22.0&#8243; _module_preset=&#8220;default&#8220; min_height=&#8220;301.2px&#8220; custom_margin=&#8220;10px||||false|false&#8220; custom_padding=&#8220;10px||0px||false|false&#8220; global_colors_info=&#8220;{}&#8220;]<\/p>\n<p>Die Basis f\u00fcr <!--StartFragment --><span class=\"cf0\">das Aufzug-Monitoring<\/span><!--EndFragment --> liefern Echtzeit-Aufzugsdaten, die den aktuellen Zustand Ihrer Anlagen transparent machen und informationsbasierte Entscheidungen zur Optimierung des Aufzugsbetriebs und der damit verbundenen Prozesse, Services und Gesch\u00e4ftsmodelle erm\u00f6glichen.<\/p>\n<p>In der DICEO haben wir umfangreiche Expertise sowie die fachlichen und methodischen Kompetenzen aus den Bereichen Aufzugstechnik, Maschinensicherheit, Digitalisierung und Innovation vereint, um Sie kompetent und aus einer Hand bedienen zu k\u00f6nnen.<\/p>\n<p>[\/et_pb_text][et_pb_text _builder_version=&#8220;4.22.0&#8243; _module_preset=&#8220;default&#8220; header_4_line_height=&#8220;1.3em&#8220; min_height=&#8220;44px&#8220; custom_padding=&#8220;0px||11px|||&#8220; global_colors_info=&#8220;{}&#8220;]<\/p>\n<h4>Gemeinsam digital<\/h4>\n<p>[\/et_pb_text][et_pb_text _builder_version=&#8220;4.22.0&#8243; _module_preset=&#8220;default&#8220; global_colors_info=&#8220;{}&#8220;]<\/p>\n<p>Mit unserem Plug-and-play Nachr\u00fcstsystem &#8222;<a href=\"https:\/\/diceo.group\/eyelevate\/\">EYELEVATE<\/a>&#8220; und unseren Services unterst\u00fctzen wir Aufzugbetreiber und Wartungsorganisationen gleicherma\u00dfen. Denn wir denken langfristig. Nur gemeinsam k\u00f6nnen Betreiber und Wartungsfirma die Gesch\u00e4ftsprozesse und Aufzugsanlagen so optimieren, dass Verf\u00fcgbarkeit, Qualit\u00e4t und Kosten \u00fcber den gesamten Lebenszyklus in Einklang sind, um gemeinsam maximal zum Werterhalt der Anlagen beitragen zu k\u00f6nnen.<\/p>\n<p>DICEO ist Ihr Partner, wenn es um <!--StartFragment --><span class=\"cf0\">optimiertes Aufzugsmanagement<\/span><!--EndFragment --> geht. Wir finden pragmatische L\u00f6sungen f\u00fcr alle Fragestellungen rund um den Betrieb Ihrer Anlagen.<\/p>\n<p>[\/et_pb_text][\/et_pb_column][\/et_pb_row][et_pb_row _builder_version=&#8220;4.22.0&#8243; _module_preset=&#8220;default&#8220; global_colors_info=&#8220;{}&#8220;][et_pb_column type=&#8220;4_4&#8243; _builder_version=&#8220;4.22.0&#8243; _module_preset=&#8220;default&#8220; global_colors_info=&#8220;{}&#8220;][et_pb_text _builder_version=&#8220;4.22.0&#8243; _module_preset=&#8220;default&#8220; custom_margin=&#8220;||4px|||&#8220; global_colors_info=&#8220;{}&#8220;]<\/p>\n<h4><\/h4>\n<h4><\/h4>\n<h4><\/h4>\n<h4>Jetzt handeln<\/h4>\n<p>[\/et_pb_text][et_pb_text _builder_version=&#8220;4.22.0&#8243; _module_preset=&#8220;default&#8220; custom_padding=&#8220;4px|||||&#8220; hover_enabled=&#8220;0&#8243; global_colors_info=&#8220;{}&#8220; sticky_enabled=&#8220;0&#8243;]<\/p>\n<p>In Deutschland gibt es \u00fcber 800.000 Aufz\u00fcge und es werden ca. 60 Milliarden Aufzugsfahrten gemacht. Auch wenn jedes Jahr ca. 30.000 neue Aufzugsanlagen hinzukommen, bleibt der Bestand mit einem Durchschnittsalter von \u00fcber 30 Jahren veraltetet \u2013 nur etwa die H\u00e4lfte der Anlagen ist auf dem aktuellen Stand der Technik, geschweige denn digitalisiert. Gleichzeitig herrschen historisch gewachsene Prozesse und Gesch\u00e4ftsmodelle in der Betreuung der Anlagen vor. Dies f\u00fchrt zu steigenden Betriebs- und Investitionskosten, einer erh\u00f6hten Anzahl an St\u00f6rungen und Ausf\u00e4llen. Wartungsfirmen ringen um Personal. Der Markt w\u00fcnscht sich L\u00f6sungen wie bedarfsorientierte<span class=\"cf0\">\u00a0Aufzugswartung <\/span><!--EndFragment -->\u201ePredictive Maintenance\u201c.<\/p>\n<p>[\/et_pb_text][\/et_pb_column][\/et_pb_row][\/et_pb_section][et_pb_section fb_built=&#8220;1&#8243; _builder_version=&#8220;4.22.0&#8243; _module_preset=&#8220;default&#8220; background_color=&#8220;#001D6E&#8220; global_module=&#8220;282&#8243; saved_tabs=&#8220;all&#8220; global_colors_info=&#8220;{}&#8220;][et_pb_row column_structure=&#8220;1_2,1_2&#8243; _builder_version=&#8220;4.22.0&#8243; _module_preset=&#8220;default&#8220; global_colors_info=&#8220;{}&#8220;][et_pb_column type=&#8220;1_2&#8243; _builder_version=&#8220;4.22.0&#8243; _module_preset=&#8220;default&#8220; global_colors_info=&#8220;{}&#8220;][et_pb_image src=&#8220;https:\/\/diceo.group\/wp-content\/uploads\/2023\/09\/frontale_rotonda-b851bea5.jpg&#8220; title_text=&#8220;frontale_rotonda-b851bea5&#8243; align=&#8220;center&#8220; align_tablet=&#8220;&#8220; align_phone=&#8220;left&#8220; align_last_edited=&#8220;on|phone&#8220; _builder_version=&#8220;4.22.0&#8243; _module_preset=&#8220;default&#8220; width=&#8220;63%&#8220; custom_margin=&#8220;||13px|||&#8220; global_colors_info=&#8220;{}&#8220;][\/et_pb_image][\/et_pb_column][et_pb_column type=&#8220;1_2&#8243; _builder_version=&#8220;4.22.0&#8243; _module_preset=&#8220;default&#8220; global_colors_info=&#8220;{}&#8220;][et_pb_text _builder_version=&#8220;4.22.0&#8243; _module_preset=&#8220;default&#8220; header_4_text_color=&#8220;#FFFFFF&#8220; header_4_line_height=&#8220;1.3em&#8220; custom_margin=&#8220;||16px|||&#8220; global_colors_info=&#8220;{}&#8220;]<\/p>\n<h4>Kontakt<\/h4>\n<p>[\/et_pb_text][et_pb_text _builder_version=&#8220;4.22.0&#8243; _module_preset=&#8220;default&#8220; text_text_color=&#8220;#FFFFFF&#8220; custom_margin=&#8220;||16px|||&#8220; custom_padding=&#8220;||20px||false|false&#8220; global_colors_info=&#8220;{}&#8220;]<\/p>\n<p>Wir helfen Ihnen gerne! Kommen Sie gerne direkt auf uns zu. Sie erreichen uns via E-Mail oder telefonisch.<\/p>\n<p>Wir freuen uns auf ein pers\u00f6nliches Gespr\u00e4ch mit Ihnen.<\/p>\n<p>[\/et_pb_text][dnxte_button button_text=&#8220;Kontaktformular&#8220; button_link=&#8220;https:\/\/diceo.group\/kontakt\/&#8220; dnxt_button_alignment=&#8220;left&#8220; btn_icon=&#8220;&#x45;||divi||400&#8243; btn_icon_color=&#8220;#FFFFFF&#8220; dnxt_hover_bg_color=&#8220;#458AC9&#8243; _builder_version=&#8220;4.22.0&#8243; _module_preset=&#8220;default&#8220; btn_fonts_text_color=&#8220;#FFFFFF&#8220; btn_fonts_font_size=&#8220;18px&#8220; background_color=&#8220;RGBA(255,255,255,0)&#8220; border_radii_btn_border=&#8220;on|10px|10px|10px|10px&#8220; global_colors_info=&#8220;{}&#8220;][\/dnxte_button][\/et_pb_column][\/et_pb_row][\/et_pb_section]<\/p>\n","protected":false},"excerpt":{"rendered":"<p>Elevate yourLiftmanagementDigitale Prozesse f\u00fcr einen nachhaltigen Werterhalt Ihrer AnlagenWir verhelfen Ihnen zu einem transparenten, digitalen und nachhaltigen Aufzugsbetrieb. Denn wir denken in digitalen und datengetriebenen Prozessen, Services und Gesch\u00e4ftsmodellen, die Sie von Ihren Wettbewerbern abgrenzen, die eigenen Kapazit\u00e4ten erh\u00f6hen, die neue Gesch\u00e4ftsfelder erschlie\u00dfen und die Zufriedenheit Ihrer Kunden steigern.Die Basis f\u00fcr das Aufzug-Monitoring liefern Echtzeit-Aufzugsdaten, [&hellip;]<\/p>\n","protected":false},"author":1,"featured_media":0,"parent":0,"menu_order":0,"comment_status":"closed","ping_status":"closed","template":"","meta":{"_et_pb_use_builder":"on","_et_pb_old_content":"<!-- wp:divi\/placeholder \/-->","_et_gb_content_width":"","iawp_total_views":3461,"footnotes":""},"_links":{"self":[{"href":"https:\/\/diceo.group\/en\/wp-json\/wp\/v2\/pages\/48"}],"collection":[{"href":"https:\/\/diceo.group\/en\/wp-json\/wp\/v2\/pages"}],"about":[{"href":"https:\/\/diceo.group\/en\/wp-json\/wp\/v2\/types\/page"}],"author":[{"embeddable":true,"href":"https:\/\/diceo.group\/en\/wp-json\/wp\/v2\/users\/1"}],"replies":[{"embeddable":true,"href":"https:\/\/diceo.group\/en\/wp-json\/wp\/v2\/comments?post=48"}],"version-history":[{"count":94,"href":"https:\/\/diceo.group\/en\/wp-json\/wp\/v2\/pages\/48\/revisions"}],"predecessor-version":[{"id":1435,"href":"https:\/\/diceo.group\/en\/wp-json\/wp\/v2\/pages\/48\/revisions\/1435"}],"wp:attachment":[{"href":"https:\/\/diceo.group\/en\/wp-json\/wp\/v2\/media?parent=48"}],"curies":[{"name":"wp","href":"https:\/\/api.w.org\/{rel}","templated":true}]}}