{"id":105,"date":"2023-08-23T12:54:50","date_gmt":"2023-08-23T10:54:50","guid":{"rendered":"http:\/\/diceo.group\/?page_id=105"},"modified":"2023-12-21T10:05:00","modified_gmt":"2023-12-21T09:05:00","slug":"services","status":"publish","type":"page","link":"https:\/\/diceo.group\/en\/services\/","title":{"rendered":"Services"},"content":{"rendered":"<p>[et_pb_section fb_built=&#8220;1&#8243; custom_padding_last_edited=&#8220;on|phone&#8220; _builder_version=&#8220;4.22.0&#8243; _module_preset=&#8220;default&#8220; background_color=&#8220;rgba(17,17,17,0.25)&#8220; background_image=&#8220;http:\/\/diceo.group\/wp-content\/uploads\/2023\/08\/Header-Bild-Services-min-scaled.jpg&#8220; background_blend=&#8220;multiply&#8220; height_tablet=&#8220;&#8220; height_phone=&#8220;500px&#8220; height_last_edited=&#8220;on|phone&#8220; custom_padding=&#8220;150px||150px||true|false&#8220; custom_padding_tablet=&#8220;150px||150px||true|false&#8220; custom_padding_phone=&#8220;100px||100px||true|false&#8220; global_colors_info=&#8220;{}&#8220;][et_pb_row _builder_version=&#8220;4.22.0&#8243; _module_preset=&#8220;default&#8220; global_colors_info=&#8220;{}&#8220;][et_pb_column type=&#8220;4_4&#8243; _builder_version=&#8220;4.22.0&#8243; _module_preset=&#8220;default&#8220; global_colors_info=&#8220;{}&#8220;][et_pb_text _builder_version=&#8220;4.22.0&#8243; _module_preset=&#8220;default&#8220; text_font=&#8220;||||||||&#8220; global_colors_info=&#8220;{}&#8220;]<\/p>\n<h2 style=\"text-align: center;\">Widmen Sie sich Ihren Kernaufgaben \u2013 wir k\u00fcmmern uns um den Rest<\/h2>\n<p>[\/et_pb_text][\/et_pb_column][\/et_pb_row][\/et_pb_section][et_pb_section fb_built=&#8220;1&#8243; _builder_version=&#8220;4.22.0&#8243; _module_preset=&#8220;default&#8220; global_colors_info=&#8220;{}&#8220;][et_pb_row use_custom_gutter=&#8220;on&#8220; _builder_version=&#8220;4.22.0&#8243; _module_preset=&#8220;default&#8220; global_colors_info=&#8220;{}&#8220;][et_pb_column type=&#8220;4_4&#8243; _builder_version=&#8220;4.22.0&#8243; _module_preset=&#8220;default&#8220; global_colors_info=&#8220;{}&#8220;][et_pb_text _builder_version=&#8220;4.22.0&#8243; _module_preset=&#8220;default&#8220; header_4_line_height=&#8220;1.3em&#8220; global_colors_info=&#8220;{}&#8220;]<\/p>\n<h4>Digitalisierung und Innovation<\/h4>\n<p>[\/et_pb_text][et_pb_text _builder_version=&#8220;4.22.0&#8243; _module_preset=&#8220;default&#8220; custom_padding=&#8220;||20px||false|false&#8220; global_colors_info=&#8220;{}&#8220;]<\/p>\n<p>Wir digitalisieren Ihren Aufzug in 15 Minuten und verschaffen Ihnen so mehr Transparenz, erh\u00f6hte Verf\u00fcgbarkeit und mehr Effizienz. Unser smartes Nachr\u00fcstsystem l\u00e4sst sich non-invasiv auf jedem Aufzug installieren, unabh\u00e4ngig von Typ, Alter und Hersteller. Treffen Sie Entscheidungen auf Basis von Echtzeit-Informationen. Setzen Sie Ihre Ressourcen dort ein, wo sie die meiste Wertsch\u00f6pfung generieren. Entwickeln Sie neue Produkte, Dienstleistungen und Gesch\u00e4fts- und Betreibermodelle. Steigern Sie die Attraktivit\u00e4t Ihres Unternehmens f\u00fcr Partner und Ihre Mitarbeiter. Egal ob Betreiber oder Wartungsorganisation.\u00a0<\/p>\n<p>[\/et_pb_text][et_pb_text _builder_version=&#8220;4.22.0&#8243; _module_preset=&#8220;default&#8220; header_4_line_height=&#8220;1.3em&#8220; global_colors_info=&#8220;{}&#8220;]<\/p>\n<h4>Ihr smarter Liftmanager<\/h4>\n<p>[\/et_pb_text][et_pb_text _builder_version=&#8220;4.22.0&#8243; _module_preset=&#8220;default&#8220; global_colors_info=&#8220;{}&#8220;]<\/p>\n<p>Neben EYELEVATE, unserem smarten Monitoringsystem, bieten wir Ihnen Beratung in allen Fragen rund um Ihren Aufzug und Ihre Gesch\u00e4ftsprozesse. Auf Wunsch \u00fcbernehmen wir Aufgaben und Funktionen wie das M\u00e4ngel- oder Liftbetriebsmanagement, damit Sie sich ganz auf Ihre eigentlichen Aufgaben konzentrieren k\u00f6nnen.<\/p>\n<p>Wir unterst\u00fctzen Sie in allen Lebensphasen Ihrer Anlagen. Egal ob bei der Planung und Beschaffung, im Betrieb oder bei Reparaturen, Umbauten oder Modernisierungen.<\/p>\n<p>[\/et_pb_text][\/et_pb_column][\/et_pb_row][et_pb_row column_structure=&#8220;1_3,1_3,1_3&#8243; use_custom_gutter=&#8220;on&#8220; gutter_width=&#8220;2&#8243; _builder_version=&#8220;4.22.0&#8243; _module_preset=&#8220;default&#8220; global_colors_info=&#8220;{}&#8220;][et_pb_column type=&#8220;1_3&#8243; _builder_version=&#8220;4.22.0&#8243; _module_preset=&#8220;default&#8220; global_colors_info=&#8220;{}&#8220;][ba_info_box photo=&#8220;https:\/\/diceo.group\/wp-content\/uploads\/2023\/08\/computer-1.png&#8220; body_content=&#8220;<\/p>\n<h3>EYELEVATE<\/h3>\n<p>&#8220; use_button=&#8220;on&#8220; button_text=&#8220;mehr&#8220; button_link=&#8220;https:\/\/diceo.group\/eyelevate&#8220; content_alignment=&#8220;center&#8220; content_padding=&#8220;25px|0px|0px|0px|false|false&#8220; btn_spacing_top=&#8220;5px&#8220; _builder_version=&#8220;4.22.0&#8243; _module_preset=&#8220;default&#8220; title_level=&#8220;h3&#8243; title_font=&#8220;|700|||||||&#8220; title_text_color=&#8220;#001D6E&#8220; title_font_size=&#8220;18px&#8220; header_3_font=&#8220;|700|||||||&#8220; header_3_text_color=&#8220;#001D6E&#8220; header_3_font_size=&#8220;18px&#8220; custom_button=&#8220;on&#8220; button_text_size=&#8220;16px&#8220; button_text_color=&#8220;#FFFFFF&#8220; button_bg_color=&#8220;#001D6E&#8220; button_border_width=&#8220;0px&#8220; button_border_radius=&#8220;10px&#8220; custom_padding=&#8220;20px||20px||true|false&#8220; global_colors_info=&#8220;{}&#8220;][\/ba_info_box][\/et_pb_column][et_pb_column type=&#8220;1_3&#8243; _builder_version=&#8220;4.22.0&#8243; _module_preset=&#8220;default&#8220; global_colors_info=&#8220;{}&#8220;][ba_info_box photo=&#8220;http:\/\/diceo.group\/wp-content\/uploads\/2023\/08\/analysing.png&#8220; body_content=&#8220;<\/p>\n<h3>Transparenz<\/h3>\n<p>&#8220; use_button=&#8220;on&#8220; button_text=&#8220;mehr&#8220; button_link=&#8220;https:\/\/diceo.group\/ist-analysen-und-strategieentwicklung\/&#8220; content_alignment=&#8220;center&#8220; content_padding=&#8220;25px|0px|0px|0px|false|false&#8220; btn_spacing_top=&#8220;5px&#8220; _builder_version=&#8220;4.22.0&#8243; _module_preset=&#8220;default&#8220; title_level=&#8220;h3&#8243; title_font=&#8220;|700|||||||&#8220; title_text_color=&#8220;#001D6E&#8220; title_font_size=&#8220;18px&#8220; header_3_font=&#8220;|700|||||||&#8220; header_3_text_color=&#8220;#001D6E&#8220; header_3_font_size=&#8220;18px&#8220; custom_button=&#8220;on&#8220; button_text_size=&#8220;16px&#8220; button_text_color=&#8220;#FFFFFF&#8220; button_bg_color=&#8220;#001D6E&#8220; button_border_width=&#8220;0px&#8220; button_border_radius=&#8220;10px&#8220; custom_padding=&#8220;20px||20px||true|false&#8220; global_colors_info=&#8220;{}&#8220;][\/ba_info_box][\/et_pb_column][et_pb_column type=&#8220;1_3&#8243; _builder_version=&#8220;4.22.0&#8243; _module_preset=&#8220;default&#8220; global_colors_info=&#8220;{}&#8220;][ba_info_box photo=&#8220;http:\/\/diceo.group\/wp-content\/uploads\/2023\/08\/brainstorming-1.png&#8220; body_content=&#8220;<\/p>\n<h3>Entscheidungshilfe<\/h3>\n<p>&#8220; use_button=&#8220;on&#8220; button_text=&#8220;mehr&#8220; button_link=&#8220;https:\/\/diceo.group\/sicherheit-und-modernisierung\/&#8220; content_alignment=&#8220;center&#8220; content_padding=&#8220;25px|0px|0px|0px|false|false&#8220; btn_spacing_top=&#8220;5px&#8220; _builder_version=&#8220;4.22.0&#8243; _module_preset=&#8220;default&#8220; title_level=&#8220;h3&#8243; title_font=&#8220;|700|||||||&#8220; title_text_color=&#8220;#001D6E&#8220; title_font_size=&#8220;18px&#8220; header_3_font=&#8220;|700|||||||&#8220; header_3_text_color=&#8220;#001D6E&#8220; header_3_font_size=&#8220;18px&#8220; custom_button=&#8220;on&#8220; button_text_size=&#8220;16px&#8220; button_text_color=&#8220;#FFFFFF&#8220; button_bg_color=&#8220;#001D6E&#8220; button_border_width=&#8220;0px&#8220; button_border_radius=&#8220;10px&#8220; custom_padding=&#8220;20px||20px||true|false&#8220; global_colors_info=&#8220;{}&#8220;][\/ba_info_box][\/et_pb_column][\/et_pb_row][et_pb_row column_structure=&#8220;1_3,1_3,1_3&#8243; use_custom_gutter=&#8220;on&#8220; gutter_width=&#8220;2&#8243; _builder_version=&#8220;4.22.0&#8243; _module_preset=&#8220;default&#8220; global_colors_info=&#8220;{}&#8220;][et_pb_column type=&#8220;1_3&#8243; _builder_version=&#8220;4.22.0&#8243; _module_preset=&#8220;default&#8220; global_colors_info=&#8220;{}&#8220;][ba_info_box photo=&#8220;https:\/\/diceo.group\/wp-content\/uploads\/2023\/08\/control-1.png&#8220; body_content=&#8220;<\/p>\n<h3>Aufzugsverbesserung<\/h3>\n<p>&#8220; use_button=&#8220;on&#8220; button_text=&#8220;mehr&#8220; button_link=&#8220;https:\/\/diceo.group\/investitionen-in-neue-aufzugsanlagen\/&#8220; content_alignment=&#8220;center&#8220; content_padding=&#8220;25px|0px|0px|0px|false|false&#8220; btn_spacing_top=&#8220;5px&#8220; _builder_version=&#8220;4.22.0&#8243; _module_preset=&#8220;default&#8220; title_level=&#8220;h3&#8243; title_font=&#8220;|700|||||||&#8220; title_text_color=&#8220;#001D6E&#8220; title_font_size=&#8220;18px&#8220; header_3_font=&#8220;|700|||||||&#8220; header_3_text_color=&#8220;#001D6E&#8220; header_3_font_size=&#8220;18px&#8220; custom_button=&#8220;on&#8220; button_text_size=&#8220;16px&#8220; button_text_color=&#8220;#FFFFFF&#8220; button_bg_color=&#8220;#001D6E&#8220; button_border_width=&#8220;0px&#8220; button_border_radius=&#8220;10px&#8220; custom_padding=&#8220;20px||20px||true|false&#8220; hover_enabled=&#8220;0&#8243; global_colors_info=&#8220;{}&#8220; title_text=&#8220;control&#8220; sticky_enabled=&#8220;0&#8243;][\/ba_info_box][\/et_pb_column][et_pb_column type=&#8220;1_3&#8243; _builder_version=&#8220;4.22.0&#8243; _module_preset=&#8220;default&#8220; global_colors_info=&#8220;{}&#8220;][ba_info_box photo=&#8220;https:\/\/diceo.group\/wp-content\/uploads\/2023\/08\/development-plan.png&#8220; body_content=&#8220;<\/p>\n<h3>Prozessoptimierung<\/h3>\n<p>&#8220; use_button=&#8220;on&#8220; button_text=&#8220;mehr&#8220; button_link=&#8220;https:\/\/diceo.group\/wartung-und-betriebsmanagement\/&#8220; content_alignment=&#8220;center&#8220; content_padding=&#8220;25px|0px|0px|0px|false|false&#8220; btn_spacing_top=&#8220;5px&#8220; _builder_version=&#8220;4.22.0&#8243; _module_preset=&#8220;default&#8220; title_level=&#8220;h3&#8243; title_font=&#8220;|700|||||||&#8220; title_text_color=&#8220;#001D6E&#8220; title_font_size=&#8220;18px&#8220; header_3_font=&#8220;|700|||||||&#8220; header_3_text_color=&#8220;#001D6E&#8220; header_3_font_size=&#8220;18px&#8220; custom_button=&#8220;on&#8220; button_text_size=&#8220;16px&#8220; button_text_color=&#8220;#FFFFFF&#8220; button_bg_color=&#8220;#001D6E&#8220; button_border_width=&#8220;0px&#8220; button_border_radius=&#8220;10px&#8220; custom_padding=&#8220;20px||20px||true|false&#8220; hover_enabled=&#8220;0&#8243; global_colors_info=&#8220;{}&#8220; title_text=&#8220;development-plan&#8220; sticky_enabled=&#8220;0&#8243;][\/ba_info_box][\/et_pb_column][et_pb_column type=&#8220;1_3&#8243; _builder_version=&#8220;4.22.0&#8243; _module_preset=&#8220;default&#8220; global_colors_info=&#8220;{}&#8220;][ba_info_box photo=&#8220;https:\/\/diceo.group\/wp-content\/uploads\/2023\/12\/Design-ohne-Titel-6.png&#8220; body_content=&#8220;<\/p>\n<h3>Innovation<\/h3>\n<p>&#8220; use_button=&#8220;on&#8220; button_text=&#8220;mehr&#8220; button_link=&#8220;https:\/\/diceo.group\/betriebsoptimierung\/&#8220; content_alignment=&#8220;center&#8220; content_padding=&#8220;25px|0px|0px|0px|false|false&#8220; btn_spacing_top=&#8220;5px&#8220; _builder_version=&#8220;4.22.0&#8243; _module_preset=&#8220;default&#8220; title_level=&#8220;h3&#8243; title_font=&#8220;|700|||||||&#8220; title_text_color=&#8220;#001D6E&#8220; title_font_size=&#8220;18px&#8220; header_3_font=&#8220;|700|||||||&#8220; header_3_text_color=&#8220;#001D6E&#8220; header_3_font_size=&#8220;18px&#8220; custom_button=&#8220;on&#8220; button_text_size=&#8220;16px&#8220; button_text_color=&#8220;#FFFFFF&#8220; button_bg_color=&#8220;#001D6E&#8220; button_border_width=&#8220;0px&#8220; button_border_radius=&#8220;10px&#8220; custom_padding=&#8220;20px||20px||true|false&#8220; global_colors_info=&#8220;{}&#8220;][\/ba_info_box][\/et_pb_column][\/et_pb_row][\/et_pb_section][et_pb_section fb_built=&#8220;1&#8243; _builder_version=&#8220;4.22.0&#8243; _module_preset=&#8220;default&#8220; background_color=&#8220;#001D6E&#8220; global_module=&#8220;282&#8243; saved_tabs=&#8220;all&#8220; global_colors_info=&#8220;{}&#8220;][et_pb_row column_structure=&#8220;1_2,1_2&#8243; _builder_version=&#8220;4.22.0&#8243; _module_preset=&#8220;default&#8220; global_colors_info=&#8220;{}&#8220;][et_pb_column type=&#8220;1_2&#8243; _builder_version=&#8220;4.22.0&#8243; _module_preset=&#8220;default&#8220; global_colors_info=&#8220;{}&#8220;][et_pb_image src=&#8220;https:\/\/diceo.group\/wp-content\/uploads\/2023\/09\/frontale_rotonda-b851bea5.jpg&#8220; title_text=&#8220;frontale_rotonda-b851bea5&#8243; align=&#8220;center&#8220; align_tablet=&#8220;&#8220; align_phone=&#8220;left&#8220; align_last_edited=&#8220;on|phone&#8220; _builder_version=&#8220;4.22.0&#8243; _module_preset=&#8220;default&#8220; width=&#8220;63%&#8220; custom_margin=&#8220;||13px|||&#8220; global_colors_info=&#8220;{}&#8220;][\/et_pb_image][\/et_pb_column][et_pb_column type=&#8220;1_2&#8243; _builder_version=&#8220;4.22.0&#8243; _module_preset=&#8220;default&#8220; global_colors_info=&#8220;{}&#8220;][et_pb_text _builder_version=&#8220;4.22.0&#8243; _module_preset=&#8220;default&#8220; header_4_text_color=&#8220;#FFFFFF&#8220; header_4_line_height=&#8220;1.3em&#8220; custom_margin=&#8220;||16px|||&#8220; global_colors_info=&#8220;{}&#8220;]<\/p>\n<h4>Kontakt<\/h4>\n<p>[\/et_pb_text][et_pb_text _builder_version=&#8220;4.22.0&#8243; _module_preset=&#8220;default&#8220; text_text_color=&#8220;#FFFFFF&#8220; custom_margin=&#8220;||16px|||&#8220; custom_padding=&#8220;||20px||false|false&#8220; global_colors_info=&#8220;{}&#8220;]<\/p>\n<p>Wir helfen Ihnen gerne! Kommen Sie gerne direkt auf uns zu. Sie erreichen uns via E-Mail oder telefonisch.<\/p>\n<p>Wir freuen uns auf ein pers\u00f6nliches Gespr\u00e4ch mit Ihnen.<\/p>\n<p>[\/et_pb_text][dnxte_button button_text=&#8220;Kontaktformular&#8220; button_link=&#8220;https:\/\/diceo.group\/kontakt\/&#8220; dnxt_button_alignment=&#8220;left&#8220; btn_icon=&#8220;&#x45;||divi||400&#8243; btn_icon_color=&#8220;#FFFFFF&#8220; dnxt_hover_bg_color=&#8220;#458AC9&#8243; _builder_version=&#8220;4.22.0&#8243; _module_preset=&#8220;default&#8220; btn_fonts_text_color=&#8220;#FFFFFF&#8220; btn_fonts_font_size=&#8220;18px&#8220; background_color=&#8220;RGBA(255,255,255,0)&#8220; border_radii_btn_border=&#8220;on|10px|10px|10px|10px&#8220; global_colors_info=&#8220;{}&#8220;][\/dnxte_button][\/et_pb_column][\/et_pb_row][\/et_pb_section]<\/p>\n","protected":false},"excerpt":{"rendered":"<p>Widmen Sie sich Ihren Kernaufgaben \u2013 wir k\u00fcmmern uns um den RestDigitalisierung und InnovationWir digitalisieren Ihren Aufzug in 15 Minuten und verschaffen Ihnen so mehr Transparenz, erh\u00f6hte Verf\u00fcgbarkeit und mehr Effizienz. Unser smartes Nachr\u00fcstsystem l\u00e4sst sich non-invasiv auf jedem Aufzug installieren, unabh\u00e4ngig von Typ, Alter und Hersteller. Treffen Sie Entscheidungen auf Basis von Echtzeit-Informationen. Setzen [&hellip;]<\/p>\n","protected":false},"author":1,"featured_media":0,"parent":0,"menu_order":0,"comment_status":"closed","ping_status":"closed","template":"","meta":{"_et_pb_use_builder":"on","_et_pb_old_content":"<!-- wp:divi\/placeholder \/-->","_et_gb_content_width":"","iawp_total_views":700,"footnotes":""},"_links":{"self":[{"href":"https:\/\/diceo.group\/en\/wp-json\/wp\/v2\/pages\/105"}],"collection":[{"href":"https:\/\/diceo.group\/en\/wp-json\/wp\/v2\/pages"}],"about":[{"href":"https:\/\/diceo.group\/en\/wp-json\/wp\/v2\/types\/page"}],"author":[{"embeddable":true,"href":"https:\/\/diceo.group\/en\/wp-json\/wp\/v2\/users\/1"}],"replies":[{"embeddable":true,"href":"https:\/\/diceo.group\/en\/wp-json\/wp\/v2\/comments?post=105"}],"version-history":[{"count":64,"href":"https:\/\/diceo.group\/en\/wp-json\/wp\/v2\/pages\/105\/revisions"}],"predecessor-version":[{"id":1352,"href":"https:\/\/diceo.group\/en\/wp-json\/wp\/v2\/pages\/105\/revisions\/1352"}],"wp:attachment":[{"href":"https:\/\/diceo.group\/en\/wp-json\/wp\/v2\/media?parent=105"}],"curies":[{"name":"wp","href":"https:\/\/api.w.org\/{rel}","templated":true}]}}